{"id":3294,"date":"2025-05-07T03:39:35","date_gmt":"2025-05-07T03:39:35","guid":{"rendered":"https:\/\/gesicap.com\/ebook\/?post_type=product&#038;p=3294"},"modified":"2025-05-07T04:06:27","modified_gmt":"2025-05-07T04:06:27","slug":"estrategias-didacticas-para-el-desarrollo-del-lenguaje","status":"publish","type":"product","link":"https:\/\/gesicap.com\/ebook\/producto\/estrategias-didacticas-para-el-desarrollo-del-lenguaje\/","title":{"rendered":"Estrategias did\u00e1cticas para el desarrollo del lenguaje"},"content":{"rendered":"\t\t<div data-elementor-type=\"wp-post\" data-elementor-id=\"3294\" class=\"elementor elementor-3294\">\n\t\t\t\t\t\t<div class=\"elementor-inner\">\n\t\t\t\t<div class=\"elementor-section-wrap\">\n\t\t\t\t\t\t\t\t\t<section class=\"elementor-section elementor-top-section elementor-element elementor-element-4232547 elementor-section-boxed elementor-section-height-default elementor-section-height-default\" data-id=\"4232547\" data-element_type=\"section\">\n\t\t\t\t\t\t<div class=\"elementor-container elementor-column-gap-default\">\n\t\t\t\t\t\t\t<div class=\"elementor-row\">\n\t\t\t\t\t<div class=\"elementor-column elementor-col-100 elementor-top-column elementor-element elementor-element-cc49aff\" data-id=\"cc49aff\" data-element_type=\"column\">\n\t\t\t<div class=\"elementor-column-wrap elementor-element-populated\">\n\t\t\t\t\t\t\t<div class=\"elementor-widget-wrap\">\n\t\t\t\t\t\t<div class=\"elementor-element elementor-element-8d9c520 elementor-align-right elementor-widget elementor-widget-button\" data-id=\"8d9c520\" data-element_type=\"widget\" data-widget_type=\"button.default\">\n\t\t\t\t<div class=\"elementor-widget-container\">\n\t\t\t\t\t<div class=\"elementor-button-wrapper\">\n\t\t\t<a href=\"https:\/\/gesicap.com\/ebook\/wp-content\/uploads\/2025\/05\/desarrollo_lenguaje.pdf\" target=\"_blank\" class=\"elementor-button-link elementor-button elementor-size-sm\" role=\"button\">\n\t\t\t\t\t\t<span class=\"elementor-button-content-wrapper\">\n\t\t\t\t\t\t<span class=\"elementor-button-text\">DESCARGAR<\/span>\n\t\t<\/span>\n\t\t\t\t\t<\/a>\n\t\t<\/div>\n\t\t\t\t<\/div>\n\t\t\t\t<\/div>\n\t\t\t\t\t\t<\/div>\n\t\t\t\t\t<\/div>\n\t\t<\/div>\n\t\t\t\t\t\t\t\t<\/div>\n\t\t\t\t\t<\/div>\n\t\t<\/section>\n\t\t\t\t\t\t\t\t\t<\/div>\n\t\t\t<\/div>\n\t\t\t\t\t<\/div>\n\t\t","protected":false},"excerpt":{"rendered":"<p><img loading=\"lazy\" class=\"alignnone wp-image-2309 alignleft\" src=\"https:\/\/gesicap.com\/ebook\/wp-content\/uploads\/2021\/02\/WhatsApp-Image-2021-02-02-at-21.49.48-e1612392522348-189x300.jpeg\" alt=\"\" width=\"29\" height=\"46\" srcset=\"https:\/\/gesicap.com\/ebook\/wp-content\/uploads\/2021\/02\/WhatsApp-Image-2021-02-02-at-21.49.48-e1612392522348-189x300.jpeg 189w, https:\/\/gesicap.com\/ebook\/wp-content\/uploads\/2021\/02\/WhatsApp-Image-2021-02-02-at-21.49.48-e1612392522348.jpeg 217w\" sizes=\"(max-width: 29px) 100vw, 29px\" \/><\/p>\n<p style=\"text-align: left;\"><button style=\"width: 150px; background-color: orange; border-radius: 3px;\">Acceso abierto<\/button><\/p>\n<p><strong><br \/>\nAutor<\/strong>: MSc. Cristina Elizabeth Paredes Alava <a href=\"https:\/\/orcid.org\/0009-0006-3985-8436\" target=\"_blank\" rel=\"noopener\"><img loading=\"lazy\" class=\"alignnone wp-image-2266\" src=\"https:\/\/gesicap.com\/ebook\/wp-content\/uploads\/2020\/08\/orcid-300x300.png\" alt=\"\" width=\"29\" height=\"92\" \/><\/a><br \/>\n<strong>Autor<\/strong>: MSc. Elena Esther Morales Chaparro <a href=\"https:\/\/orcid.org\/0009-0008-6053-1803\" target=\"_blank\" rel=\"noopener\"><img loading=\"lazy\" class=\"alignnone wp-image-2266\" src=\"https:\/\/gesicap.com\/ebook\/wp-content\/uploads\/2020\/08\/orcid-300x300.png\" alt=\"\" width=\"29\" height=\"92\" \/><\/a><br \/>\n<strong>Autor<\/strong>: Lic. Katherin Xiomara Rivas Tapia <a href=\"https:\/\/orcid.org\/0009-0005-4952-3878\" target=\"_blank\" rel=\"noopener\"><img loading=\"lazy\" class=\"alignnone wp-image-2266\" src=\"https:\/\/gesicap.com\/ebook\/wp-content\/uploads\/2020\/08\/orcid-300x300.png\" alt=\"\" width=\"29\" height=\"92\" \/><\/a><br \/>\n<strong>Autor<\/strong>: Lic. Silvia Patricia Gualan Vega <a href=\"https:\/\/orcid.org\/0009-0002-4124-2201\" target=\"_blank\" rel=\"noopener\"><img loading=\"lazy\" class=\"alignnone wp-image-2266\" src=\"https:\/\/gesicap.com\/ebook\/wp-content\/uploads\/2020\/08\/orcid-300x300.png\" alt=\"\" width=\"29\" height=\"92\" \/><\/a><br \/>\n<strong>Autor<\/strong>: Lic. Mar\u00eda Elena Cede\u00f1o Mac\u00edas <a href=\"https:\/\/orcid.org\/0009-0000-7628-9291\" target=\"_blank\" rel=\"noopener\"><img loading=\"lazy\" class=\"alignnone wp-image-2266\" src=\"https:\/\/gesicap.com\/ebook\/wp-content\/uploads\/2020\/08\/orcid-300x300.png\" alt=\"\" width=\"29\" height=\"92\" \/><\/a><br \/>\n<strong>Autor<\/strong>: Lic. Tanya Elizabeth Tenorio Angulo <a href=\"https:\/\/orcid.org\/0009-0000-3690-0885\" target=\"_blank\" rel=\"noopener\"><img loading=\"lazy\" class=\"alignnone wp-image-2266\" src=\"https:\/\/gesicap.com\/ebook\/wp-content\/uploads\/2020\/08\/orcid-300x300.png\" alt=\"\" width=\"29\" height=\"92\" \/><\/a><\/p>\n<p><strong>A\u00f1o<\/strong>: 2025<br \/>\n<strong>Idioma<\/strong>: Espa\u00f1ol<br \/>\n<strong>Editorial<\/strong>: Ediciones GESICAP<br \/>\n<strong>Paginas<\/strong>: 60 p\u00e1g<br \/>\n<strong>Ciudad<\/strong>: El Carmen, Manab\u00ed, Ecuador<\/p>\n","protected":false},"featured_media":3295,"comment_status":"open","ping_status":"closed","template":"","meta":[],"product_cat":[58],"product_tag":[],"_links":{"self":[{"href":"https:\/\/gesicap.com\/ebook\/wp-json\/wp\/v2\/product\/3294"}],"collection":[{"href":"https:\/\/gesicap.com\/ebook\/wp-json\/wp\/v2\/product"}],"about":[{"href":"https:\/\/gesicap.com\/ebook\/wp-json\/wp\/v2\/types\/product"}],"replies":[{"embeddable":true,"href":"https:\/\/gesicap.com\/ebook\/wp-json\/wp\/v2\/comments?post=3294"}],"version-history":[{"count":22,"href":"https:\/\/gesicap.com\/ebook\/wp-json\/wp\/v2\/product\/3294\/revisions"}],"predecessor-version":[{"id":3329,"href":"https:\/\/gesicap.com\/ebook\/wp-json\/wp\/v2\/product\/3294\/revisions\/3329"}],"wp:featuredmedia":[{"embeddable":true,"href":"https:\/\/gesicap.com\/ebook\/wp-json\/wp\/v2\/media\/3295"}],"wp:attachment":[{"href":"https:\/\/gesicap.com\/ebook\/wp-json\/wp\/v2\/media?parent=3294"}],"wp:term":[{"taxonomy":"product_cat","embeddable":true,"href":"https:\/\/gesicap.com\/ebook\/wp-json\/wp\/v2\/product_cat?post=3294"},{"taxonomy":"product_tag","embeddable":true,"href":"https:\/\/gesicap.com\/ebook\/wp-json\/wp\/v2\/product_tag?post=3294"}],"curies":[{"name":"wp","href":"https:\/\/api.w.org\/{rel}","templated":true}]}}