{"id":3264,"date":"2025-05-07T02:10:47","date_gmt":"2025-05-07T02:10:47","guid":{"rendered":"https:\/\/gesicap.com\/ebook\/?post_type=product&#038;p=3264"},"modified":"2025-05-07T04:05:14","modified_gmt":"2025-05-07T04:05:14","slug":"la-raiz-del-conocimiento-filosofia-y-educacion-en-dialogo","status":"publish","type":"product","link":"https:\/\/gesicap.com\/ebook\/producto\/la-raiz-del-conocimiento-filosofia-y-educacion-en-dialogo\/","title":{"rendered":"La Ra\u00edz del Conocimiento Filosof\u00eda y Educaci\u00f3n en Dialogo"},"content":{"rendered":"\t\t<div data-elementor-type=\"wp-post\" data-elementor-id=\"3264\" class=\"elementor elementor-3264\">\n\t\t\t\t\t\t<div class=\"elementor-inner\">\n\t\t\t\t<div class=\"elementor-section-wrap\">\n\t\t\t\t\t\t\t\t\t<section class=\"elementor-section elementor-top-section elementor-element elementor-element-a69769c elementor-section-boxed elementor-section-height-default elementor-section-height-default\" data-id=\"a69769c\" data-element_type=\"section\">\n\t\t\t\t\t\t<div class=\"elementor-container elementor-column-gap-default\">\n\t\t\t\t\t\t\t<div class=\"elementor-row\">\n\t\t\t\t\t<div class=\"elementor-column elementor-col-100 elementor-top-column elementor-element elementor-element-a336234\" data-id=\"a336234\" data-element_type=\"column\">\n\t\t\t<div class=\"elementor-column-wrap elementor-element-populated\">\n\t\t\t\t\t\t\t<div class=\"elementor-widget-wrap\">\n\t\t\t\t\t\t<div class=\"elementor-element elementor-element-e00771c elementor-align-right elementor-widget elementor-widget-button\" data-id=\"e00771c\" data-element_type=\"widget\" data-widget_type=\"button.default\">\n\t\t\t\t<div class=\"elementor-widget-container\">\n\t\t\t\t\t<div class=\"elementor-button-wrapper\">\n\t\t\t<a href=\"https:\/\/gesicap.com\/ebook\/wp-content\/uploads\/2025\/05\/La-Raiz-conocimiento-2.pdf\" target=\"_blank\" class=\"elementor-button-link elementor-button elementor-size-sm\" role=\"button\">\n\t\t\t\t\t\t<span class=\"elementor-button-content-wrapper\">\n\t\t\t\t\t\t<span class=\"elementor-button-text\">DESCARGAR<\/span>\n\t\t<\/span>\n\t\t\t\t\t<\/a>\n\t\t<\/div>\n\t\t\t\t<\/div>\n\t\t\t\t<\/div>\n\t\t\t\t\t\t<\/div>\n\t\t\t\t\t<\/div>\n\t\t<\/div>\n\t\t\t\t\t\t\t\t<\/div>\n\t\t\t\t\t<\/div>\n\t\t<\/section>\n\t\t\t\t\t\t\t\t\t<\/div>\n\t\t\t<\/div>\n\t\t\t\t\t<\/div>\n\t\t","protected":false},"excerpt":{"rendered":"<p><img loading=\"lazy\" class=\"alignnone wp-image-2309 alignleft\" src=\"https:\/\/gesicap.com\/ebook\/wp-content\/uploads\/2021\/02\/WhatsApp-Image-2021-02-02-at-21.49.48-e1612392522348-189x300.jpeg\" alt=\"\" width=\"29\" height=\"46\" srcset=\"https:\/\/gesicap.com\/ebook\/wp-content\/uploads\/2021\/02\/WhatsApp-Image-2021-02-02-at-21.49.48-e1612392522348-189x300.jpeg 189w, https:\/\/gesicap.com\/ebook\/wp-content\/uploads\/2021\/02\/WhatsApp-Image-2021-02-02-at-21.49.48-e1612392522348.jpeg 217w\" sizes=\"(max-width: 29px) 100vw, 29px\" \/><\/p>\n<p style=\"text-align: left;\"><button style=\"width: 150px; background-color: orange; border-radius: 3px;\">Acceso abierto<\/button><\/p>\n<p><strong><br \/>\n<strong>Autor<\/strong>: MSc. Cristina Elizabeth Paredes Alava <a href=\"https:\/\/orcid.org\/0009-0006-3985-8436\" target=\"_blank\" rel=\"noopener\"><img loading=\"lazy\" class=\"alignnone wp-image-2266\" src=\"https:\/\/gesicap.com\/ebook\/wp-content\/uploads\/2020\/08\/orcid-300x300.png\" alt=\"\" width=\"29\" height=\"92\" \/><\/a><br \/>\n<strong>Autor<\/strong>: Lic. Jairo Demetrio Cantos Vera <a href=\"https:\/\/orcid.org\/0009-0007-3545-9849\" target=\"_blank\" rel=\"noopener\"><img loading=\"lazy\" class=\"alignnone wp-image-2266\" src=\"https:\/\/gesicap.com\/ebook\/wp-content\/uploads\/2020\/08\/orcid-300x300.png\" alt=\"\" width=\"29\" height=\"92\" \/><\/a><br \/>\n<strong>Autor<\/strong>: MSc. Corina Mariuxi Zambrano Mac\u00edas <a href=\"https:\/\/orcid.org\/0009-0009-3603-9496\" target=\"_blank\" rel=\"noopener\"><img loading=\"lazy\" class=\"alignnone wp-image-2266\" src=\"https:\/\/gesicap.com\/ebook\/wp-content\/uploads\/2020\/08\/orcid-300x300.png\" alt=\"\" width=\"29\" height=\"92\" \/><\/a><br \/>\n<strong>Autor<\/strong>: MSc. Freddy Fernando Ram\u00edrez Chila <a href=\"https:\/\/orcid.org\/0009-0008-3859-0516\" target=\"_blank\" rel=\"noopener\"><img loading=\"lazy\" class=\"alignnone wp-image-2266\" src=\"https:\/\/gesicap.com\/ebook\/wp-content\/uploads\/2020\/08\/orcid-300x300.png\" alt=\"\" width=\"29\" height=\"92\" \/><\/a><br \/>\n<strong>Autor<\/strong>: MSc. Graciela Prisila Goyes Cevallos <a href=\"https:\/\/orcid.org\/0009-0003-1424-3345\" target=\"_blank\" rel=\"noopener\"><img loading=\"lazy\" class=\"alignnone wp-image-2266\" src=\"https:\/\/gesicap.com\/ebook\/wp-content\/uploads\/2020\/08\/orcid-300x300.png\" alt=\"\" width=\"29\" height=\"92\" \/><\/a><br \/>\n<strong>Autor<\/strong>: MSc. Rub\u00e9n An\u00edbal Paz Rodr\u00edguez <a href=\"https:\/\/orcid.org\/0009-0005-0326-4487\" target=\"_blank\" rel=\"noopener\"><img loading=\"lazy\" class=\"alignnone wp-image-2266\" src=\"https:\/\/gesicap.com\/ebook\/wp-content\/uploads\/2020\/08\/orcid-300x300.png\" alt=\"\" width=\"29\" height=\"92\" \/><\/a><\/strong><\/p>\n<p><strong>A\u00f1o<\/strong>: 2025<br \/>\n<strong>Idioma<\/strong>: Espa\u00f1ol<br \/>\n<strong>Editorial<\/strong>: Ediciones GESICAP<br \/>\n<strong>ISBN<\/strong>: 978-9942-626-27-1<br \/>\n<strong>Paginas<\/strong>: 64 p\u00e1g<br \/>\n<strong>Ciudad<\/strong>: El Carmen, Manab\u00ed, Ecuador<\/p>\n","protected":false},"featured_media":3265,"comment_status":"open","ping_status":"closed","template":"","meta":[],"product_cat":[58],"product_tag":[],"_links":{"self":[{"href":"https:\/\/gesicap.com\/ebook\/wp-json\/wp\/v2\/product\/3264"}],"collection":[{"href":"https:\/\/gesicap.com\/ebook\/wp-json\/wp\/v2\/product"}],"about":[{"href":"https:\/\/gesicap.com\/ebook\/wp-json\/wp\/v2\/types\/product"}],"replies":[{"embeddable":true,"href":"https:\/\/gesicap.com\/ebook\/wp-json\/wp\/v2\/comments?post=3264"}],"version-history":[{"count":6,"href":"https:\/\/gesicap.com\/ebook\/wp-json\/wp\/v2\/product\/3264\/revisions"}],"predecessor-version":[{"id":3328,"href":"https:\/\/gesicap.com\/ebook\/wp-json\/wp\/v2\/product\/3264\/revisions\/3328"}],"wp:featuredmedia":[{"embeddable":true,"href":"https:\/\/gesicap.com\/ebook\/wp-json\/wp\/v2\/media\/3265"}],"wp:attachment":[{"href":"https:\/\/gesicap.com\/ebook\/wp-json\/wp\/v2\/media?parent=3264"}],"wp:term":[{"taxonomy":"product_cat","embeddable":true,"href":"https:\/\/gesicap.com\/ebook\/wp-json\/wp\/v2\/product_cat?post=3264"},{"taxonomy":"product_tag","embeddable":true,"href":"https:\/\/gesicap.com\/ebook\/wp-json\/wp\/v2\/product_tag?post=3264"}],"curies":[{"name":"wp","href":"https:\/\/api.w.org\/{rel}","templated":true}]}}