{"id":3143,"date":"2024-06-30T02:52:06","date_gmt":"2024-06-30T02:52:06","guid":{"rendered":"https:\/\/gesicap.com\/ebook\/?post_type=product&#038;p=3143"},"modified":"2024-06-30T02:52:48","modified_gmt":"2024-06-30T02:52:48","slug":"linea-base-del-buijo-historico-y-la-atencion-primaria-en-salud","status":"publish","type":"product","link":"https:\/\/gesicap.com\/ebook\/producto\/linea-base-del-buijo-historico-y-la-atencion-primaria-en-salud\/","title":{"rendered":"L\u00ednea base del Buijo Hist\u00f3rico y la Atenci\u00f3n Primaria en Salud"},"content":{"rendered":"","protected":false},"excerpt":{"rendered":"<p><strong>Autor<\/strong>: Cruz Xiomara Peraza de Aparicio <img loading=\"lazy\" class=\"alignnone wp-image-2266\" src=\"https:\/\/gesicap.com\/ebook\/wp-content\/uploads\/2020\/08\/orcid-300x300.png\" alt=\"\" width=\"29\" height=\"92\" \/><br \/>\n<strong>Autor<\/strong>: Yoel L\u00f3pez Gamboa <img loading=\"lazy\" class=\"alignnone wp-image-2266\" src=\"https:\/\/gesicap.com\/ebook\/wp-content\/uploads\/2020\/08\/orcid-300x300.png\" alt=\"\" width=\"29\" height=\"92\" \/><br \/>\n<strong>A\u00f1o<\/strong>: 2024<br \/>\n<strong>Idioma<\/strong>: Espa\u00f1ol<br \/>\n<strong>Editorial<\/strong>: Ediciones GESICAP<br \/>\n<strong>ISBN<\/strong>: 9978-9942-626-23-3<br \/>\n<strong>Paginas<\/strong>: 208 p\u00e1g<br \/>\n<strong>Ciudad<\/strong>: El Carmen, Manab\u00ed, Ecuador<\/p>\n","protected":false},"featured_media":3144,"comment_status":"open","ping_status":"closed","template":"","meta":[],"product_cat":[46,47],"product_tag":[],"_links":{"self":[{"href":"https:\/\/gesicap.com\/ebook\/wp-json\/wp\/v2\/product\/3143"}],"collection":[{"href":"https:\/\/gesicap.com\/ebook\/wp-json\/wp\/v2\/product"}],"about":[{"href":"https:\/\/gesicap.com\/ebook\/wp-json\/wp\/v2\/types\/product"}],"replies":[{"embeddable":true,"href":"https:\/\/gesicap.com\/ebook\/wp-json\/wp\/v2\/comments?post=3143"}],"version-history":[{"count":1,"href":"https:\/\/gesicap.com\/ebook\/wp-json\/wp\/v2\/product\/3143\/revisions"}],"predecessor-version":[{"id":3145,"href":"https:\/\/gesicap.com\/ebook\/wp-json\/wp\/v2\/product\/3143\/revisions\/3145"}],"wp:featuredmedia":[{"embeddable":true,"href":"https:\/\/gesicap.com\/ebook\/wp-json\/wp\/v2\/media\/3144"}],"wp:attachment":[{"href":"https:\/\/gesicap.com\/ebook\/wp-json\/wp\/v2\/media?parent=3143"}],"wp:term":[{"taxonomy":"product_cat","embeddable":true,"href":"https:\/\/gesicap.com\/ebook\/wp-json\/wp\/v2\/product_cat?post=3143"},{"taxonomy":"product_tag","embeddable":true,"href":"https:\/\/gesicap.com\/ebook\/wp-json\/wp\/v2\/product_tag?post=3143"}],"curies":[{"name":"wp","href":"https:\/\/api.w.org\/{rel}","templated":true}]}}