{"id":2925,"date":"2023-06-24T01:53:00","date_gmt":"2023-06-24T01:53:00","guid":{"rendered":"https:\/\/gesicap.com\/ebook\/?post_type=product&#038;p=2925"},"modified":"2023-06-24T02:24:45","modified_gmt":"2023-06-24T02:24:45","slug":"cientificas-latinoamericanas","status":"publish","type":"product","link":"https:\/\/gesicap.com\/ebook\/producto\/cientificas-latinoamericanas\/","title":{"rendered":"Cient\u00edficas Latinoamericanas"},"content":{"rendered":"","protected":false},"excerpt":{"rendered":"<p><img loading=\"lazy\" class=\"alignnone wp-image-2309 alignleft\" src=\"https:\/\/gesicap.com\/ebook\/wp-content\/uploads\/2021\/02\/WhatsApp-Image-2021-02-02-at-21.49.48-e1612392522348-189x300.jpeg\" alt=\"\" width=\"29\" height=\"46\" srcset=\"https:\/\/gesicap.com\/ebook\/wp-content\/uploads\/2021\/02\/WhatsApp-Image-2021-02-02-at-21.49.48-e1612392522348-189x300.jpeg 189w, https:\/\/gesicap.com\/ebook\/wp-content\/uploads\/2021\/02\/WhatsApp-Image-2021-02-02-at-21.49.48-e1612392522348.jpeg 217w\" sizes=\"(max-width: 29px) 100vw, 29px\" \/><\/p>\n<p style=\"text-align: left;\"><a href=\"https:\/\/gesicap.com\/ebook\/wp-content\/uploads\/2023\/06\/libro-mujeres-cientificas-ok-1.pdf\"> <button style=\"width: 150px; background-color: orange; border-radius: 3px;\">Acceso abierto<\/button><\/a><\/p>\n<p><strong>Compiladores<\/strong>:<br \/>\nGeraldine Chadwick \u00a0<a href=\"https:\/\/orcid.org\/0000-0002-2173-4631\"><img loading=\"lazy\" class=\"alignnone wp-image-2266\" src=\"https:\/\/gesicap.com\/ebook\/wp-content\/uploads\/2020\/08\/orcid-300x300.png\" alt=\"\" width=\"27\" height=\"27\" srcset=\"https:\/\/gesicap.com\/ebook\/wp-content\/uploads\/2020\/08\/orcid-300x300.png 300w, https:\/\/gesicap.com\/ebook\/wp-content\/uploads\/2020\/08\/orcid-150x150.png 150w, https:\/\/gesicap.com\/ebook\/wp-content\/uploads\/2020\/08\/orcid-600x600.png 600w, https:\/\/gesicap.com\/ebook\/wp-content\/uploads\/2020\/08\/orcid-100x100.png 100w, https:\/\/gesicap.com\/ebook\/wp-content\/uploads\/2020\/08\/orcid.png 768w\" sizes=\"(max-width: 27px) 100vw, 27px\" \/><\/a><br \/>\nXenia Pedraza Gonz\u00e1lez <a href=\"https:\/\/orcid.org\/0000-0001-8036-5736\"><img loading=\"lazy\" class=\"alignnone wp-image-2266\" src=\"https:\/\/gesicap.com\/ebook\/wp-content\/uploads\/2020\/08\/orcid-300x300.png\" alt=\"\" width=\"27\" height=\"27\" srcset=\"https:\/\/gesicap.com\/ebook\/wp-content\/uploads\/2020\/08\/orcid-300x300.png 300w, https:\/\/gesicap.com\/ebook\/wp-content\/uploads\/2020\/08\/orcid-150x150.png 150w, https:\/\/gesicap.com\/ebook\/wp-content\/uploads\/2020\/08\/orcid-600x600.png 600w, https:\/\/gesicap.com\/ebook\/wp-content\/uploads\/2020\/08\/orcid-100x100.png 100w, https:\/\/gesicap.com\/ebook\/wp-content\/uploads\/2020\/08\/orcid.png 768w\" sizes=\"(max-width: 27px) 100vw, 27px\" \/><\/a><br \/>\nLeidy Uc Tzec <a href=\"https:\/\/orcid.org\/0000-0003-0805-4727\"><img loading=\"lazy\" class=\"alignnone wp-image-2266\" src=\"https:\/\/gesicap.com\/ebook\/wp-content\/uploads\/2020\/08\/orcid-300x300.png\" alt=\"\" width=\"27\" height=\"27\" srcset=\"https:\/\/gesicap.com\/ebook\/wp-content\/uploads\/2020\/08\/orcid-300x300.png 300w, https:\/\/gesicap.com\/ebook\/wp-content\/uploads\/2020\/08\/orcid-150x150.png 150w, https:\/\/gesicap.com\/ebook\/wp-content\/uploads\/2020\/08\/orcid-600x600.png 600w, https:\/\/gesicap.com\/ebook\/wp-content\/uploads\/2020\/08\/orcid-100x100.png 100w, https:\/\/gesicap.com\/ebook\/wp-content\/uploads\/2020\/08\/orcid.png 768w\" sizes=\"(max-width: 27px) 100vw, 27px\" \/><\/a><br \/>\nVer\u00f3nica Beatriz S\u00e1nchez Ram\u00edrez <a href=\"https:\/\/orcid.org\/0000-0001-6761-5753\"><img loading=\"lazy\" class=\"alignnone wp-image-2266\" src=\"https:\/\/gesicap.com\/ebook\/wp-content\/uploads\/2020\/08\/orcid-300x300.png\" alt=\"\" width=\"27\" height=\"27\" srcset=\"https:\/\/gesicap.com\/ebook\/wp-content\/uploads\/2020\/08\/orcid-300x300.png 300w, https:\/\/gesicap.com\/ebook\/wp-content\/uploads\/2020\/08\/orcid-150x150.png 150w, https:\/\/gesicap.com\/ebook\/wp-content\/uploads\/2020\/08\/orcid-600x600.png 600w, https:\/\/gesicap.com\/ebook\/wp-content\/uploads\/2020\/08\/orcid-100x100.png 100w, https:\/\/gesicap.com\/ebook\/wp-content\/uploads\/2020\/08\/orcid.png 768w\" sizes=\"(max-width: 27px) 100vw, 27px\" \/><\/a><br \/>\nJorge Luis Contreras Vidal <a href=\"https:\/\/orcid.org\/0000-0003-1060-8290\"><img loading=\"lazy\" class=\"alignnone wp-image-2266\" src=\"https:\/\/gesicap.com\/ebook\/wp-content\/uploads\/2020\/08\/orcid-300x300.png\" alt=\"\" width=\"27\" height=\"27\" srcset=\"https:\/\/gesicap.com\/ebook\/wp-content\/uploads\/2020\/08\/orcid-300x300.png 300w, https:\/\/gesicap.com\/ebook\/wp-content\/uploads\/2020\/08\/orcid-150x150.png 150w, https:\/\/gesicap.com\/ebook\/wp-content\/uploads\/2020\/08\/orcid-600x600.png 600w, https:\/\/gesicap.com\/ebook\/wp-content\/uploads\/2020\/08\/orcid-100x100.png 100w, https:\/\/gesicap.com\/ebook\/wp-content\/uploads\/2020\/08\/orcid.png 768w\" sizes=\"(max-width: 27px) 100vw, 27px\" \/><\/a><br \/>\nMiguel Ceferino Berm\u00fadez Lucas <a href=\"https:\/\/orcid.org\/0000-0001-7882-3937\"><img loading=\"lazy\" class=\"alignnone wp-image-2266\" src=\"https:\/\/gesicap.com\/ebook\/wp-content\/uploads\/2020\/08\/orcid-300x300.png\" alt=\"\" width=\"27\" height=\"27\" srcset=\"https:\/\/gesicap.com\/ebook\/wp-content\/uploads\/2020\/08\/orcid-300x300.png 300w, https:\/\/gesicap.com\/ebook\/wp-content\/uploads\/2020\/08\/orcid-150x150.png 150w, https:\/\/gesicap.com\/ebook\/wp-content\/uploads\/2020\/08\/orcid-600x600.png 600w, https:\/\/gesicap.com\/ebook\/wp-content\/uploads\/2020\/08\/orcid-100x100.png 100w, https:\/\/gesicap.com\/ebook\/wp-content\/uploads\/2020\/08\/orcid.png 768w\" sizes=\"(max-width: 27px) 100vw, 27px\" \/><\/a><br \/>\n<strong>A\u00f1o<\/strong>: 2023<br \/>\n<strong>Idioma<\/strong>: Espa\u00f1ol<br \/>\n<strong>Editorial<\/strong>: Ediciones Gesicap<br \/>\n<strong>ISBN<\/strong>: 978-9942-626-12-7<br \/>\n<strong>Paginas<\/strong>: 183 p\u00e1g.<br \/>\n<strong>Ciudad<\/strong>: El Carmen, Manab\u00ed Ecuador.<\/p>\n","protected":false},"featured_media":2926,"comment_status":"open","ping_status":"closed","template":"","meta":[],"product_cat":[50],"product_tag":[],"_links":{"self":[{"href":"https:\/\/gesicap.com\/ebook\/wp-json\/wp\/v2\/product\/2925"}],"collection":[{"href":"https:\/\/gesicap.com\/ebook\/wp-json\/wp\/v2\/product"}],"about":[{"href":"https:\/\/gesicap.com\/ebook\/wp-json\/wp\/v2\/types\/product"}],"replies":[{"embeddable":true,"href":"https:\/\/gesicap.com\/ebook\/wp-json\/wp\/v2\/comments?post=2925"}],"version-history":[{"count":19,"href":"https:\/\/gesicap.com\/ebook\/wp-json\/wp\/v2\/product\/2925\/revisions"}],"predecessor-version":[{"id":2954,"href":"https:\/\/gesicap.com\/ebook\/wp-json\/wp\/v2\/product\/2925\/revisions\/2954"}],"wp:featuredmedia":[{"embeddable":true,"href":"https:\/\/gesicap.com\/ebook\/wp-json\/wp\/v2\/media\/2926"}],"wp:attachment":[{"href":"https:\/\/gesicap.com\/ebook\/wp-json\/wp\/v2\/media?parent=2925"}],"wp:term":[{"taxonomy":"product_cat","embeddable":true,"href":"https:\/\/gesicap.com\/ebook\/wp-json\/wp\/v2\/product_cat?post=2925"},{"taxonomy":"product_tag","embeddable":true,"href":"https:\/\/gesicap.com\/ebook\/wp-json\/wp\/v2\/product_tag?post=2925"}],"curies":[{"name":"wp","href":"https:\/\/api.w.org\/{rel}","templated":true}]}}