{"id":2852,"date":"2023-01-13T03:14:22","date_gmt":"2023-01-13T03:14:22","guid":{"rendered":"https:\/\/gesicap.com\/ebook\/?post_type=product&#038;p=2852"},"modified":"2023-01-13T03:18:44","modified_gmt":"2023-01-13T03:18:44","slug":"caracteristicas-quimicas-microbiologicas-del-bocashi-enriquesido-con-microorganismos-eficientes-autoctonos","status":"publish","type":"product","link":"https:\/\/gesicap.com\/ebook\/producto\/caracteristicas-quimicas-microbiologicas-del-bocashi-enriquesido-con-microorganismos-eficientes-autoctonos\/","title":{"rendered":"Caracter\u00edsticas Qu\u00edmicas, Microbiol\u00f3gicas del Bocashi Enriquesido con Microorganismos Eficientes Aut\u00f3ctonos"},"content":{"rendered":"\t\t<div data-elementor-type=\"wp-post\" data-elementor-id=\"2852\" class=\"elementor elementor-2852\">\n\t\t\t\t\t\t<div class=\"elementor-inner\">\n\t\t\t\t<div class=\"elementor-section-wrap\">\n\t\t\t\t\t\t\t\t\t<section class=\"elementor-section elementor-top-section elementor-element elementor-element-777c71e elementor-section-boxed elementor-section-height-default elementor-section-height-default\" data-id=\"777c71e\" data-element_type=\"section\">\n\t\t\t\t\t\t<div class=\"elementor-container elementor-column-gap-default\">\n\t\t\t\t\t\t\t<div class=\"elementor-row\">\n\t\t\t\t\t<div class=\"elementor-column elementor-col-100 elementor-top-column elementor-element elementor-element-2cd4045\" data-id=\"2cd4045\" data-element_type=\"column\">\n\t\t\t<div class=\"elementor-column-wrap elementor-element-populated\">\n\t\t\t\t\t\t\t<div class=\"elementor-widget-wrap\">\n\t\t\t\t\t\t<div class=\"elementor-element elementor-element-dbf1610 elementor-align-right elementor-widget elementor-widget-button\" data-id=\"dbf1610\" data-element_type=\"widget\" data-widget_type=\"button.default\">\n\t\t\t\t<div class=\"elementor-widget-container\">\n\t\t\t\t\t<div class=\"elementor-button-wrapper\">\n\t\t\t<a href=\"https:\/\/gesicap.com\/ebook\/wp-content\/uploads\/2023\/01\/Bocashi.pdf\" target=\"_blank\" class=\"elementor-button-link elementor-button elementor-size-sm\" role=\"button\">\n\t\t\t\t\t\t<span class=\"elementor-button-content-wrapper\">\n\t\t\t\t\t\t<span class=\"elementor-button-text\">DESCARGAR<\/span>\n\t\t<\/span>\n\t\t\t\t\t<\/a>\n\t\t<\/div>\n\t\t\t\t<\/div>\n\t\t\t\t<\/div>\n\t\t\t\t\t\t<\/div>\n\t\t\t\t\t<\/div>\n\t\t<\/div>\n\t\t\t\t\t\t\t\t<\/div>\n\t\t\t\t\t<\/div>\n\t\t<\/section>\n\t\t\t\t\t\t\t\t\t<\/div>\n\t\t\t<\/div>\n\t\t\t\t\t<\/div>\n\t\t","protected":false},"excerpt":{"rendered":"<p><img loading=\"lazy\" class=\"alignnone wp-image-2309 alignleft\" src=\"https:\/\/gesicap.com\/ebook\/wp-content\/uploads\/2021\/02\/WhatsApp-Image-2021-02-02-at-21.49.48-e1612392522348-189x300.jpeg\" alt=\"\" width=\"29\" height=\"46\" srcset=\"https:\/\/gesicap.com\/ebook\/wp-content\/uploads\/2021\/02\/WhatsApp-Image-2021-02-02-at-21.49.48-e1612392522348-189x300.jpeg 189w, https:\/\/gesicap.com\/ebook\/wp-content\/uploads\/2021\/02\/WhatsApp-Image-2021-02-02-at-21.49.48-e1612392522348.jpeg 217w\" sizes=\"(max-width: 29px) 100vw, 29px\" \/><\/p>\n<p style=\"text-align: left;\"><button style=\"width: 150px; background-color: orange; border-radius: 3px;\">Acceso abierto<\/button><\/p>\n<p><strong>Compiladores<\/strong>:<br \/>\nJorge Adri\u00e1n C\u00e1rdenas Carri\u00f3n\u00a0 <img loading=\"lazy\" class=\"alignnone wp-image-2266\" src=\"https:\/\/gesicap.com\/ebook\/wp-content\/uploads\/2020\/08\/orcid-300x300.png\" alt=\"\" width=\"27\" height=\"27\" srcset=\"https:\/\/gesicap.com\/ebook\/wp-content\/uploads\/2020\/08\/orcid-300x300.png 300w, https:\/\/gesicap.com\/ebook\/wp-content\/uploads\/2020\/08\/orcid-150x150.png 150w, https:\/\/gesicap.com\/ebook\/wp-content\/uploads\/2020\/08\/orcid-600x600.png 600w, https:\/\/gesicap.com\/ebook\/wp-content\/uploads\/2020\/08\/orcid-100x100.png 100w, https:\/\/gesicap.com\/ebook\/wp-content\/uploads\/2020\/08\/orcid.png 768w\" sizes=\"(max-width: 27px) 100vw, 27px\" \/><br \/>\nAna Ruth \u00c1lvarez S\u00e1nchez <img loading=\"lazy\" class=\"alignnone wp-image-2266\" src=\"https:\/\/gesicap.com\/ebook\/wp-content\/uploads\/2020\/08\/orcid-300x300.png\" alt=\"\" width=\"27\" height=\"27\" srcset=\"https:\/\/gesicap.com\/ebook\/wp-content\/uploads\/2020\/08\/orcid-300x300.png 300w, https:\/\/gesicap.com\/ebook\/wp-content\/uploads\/2020\/08\/orcid-150x150.png 150w, https:\/\/gesicap.com\/ebook\/wp-content\/uploads\/2020\/08\/orcid-600x600.png 600w, https:\/\/gesicap.com\/ebook\/wp-content\/uploads\/2020\/08\/orcid-100x100.png 100w, https:\/\/gesicap.com\/ebook\/wp-content\/uploads\/2020\/08\/orcid.png 768w\" sizes=\"(max-width: 27px) 100vw, 27px\" \/><\/p>\n<p><strong>A\u00f1o<\/strong>: 2022<br \/>\n<strong>Idioma<\/strong>: Espa\u00f1ol<br \/>\n<strong>Editorial<\/strong>: Ediciones Gesicap<br \/>\n<strong>ISBN<\/strong>: 978-9942-626-02-8<br \/>\n<strong>Paginas<\/strong>: 61 p\u00e1g.<br \/>\n<strong>Ciudad<\/strong>: El Carmen, Manab\u00ed Ecuador.<\/p>\n","protected":false},"featured_media":2855,"comment_status":"open","ping_status":"closed","template":"","meta":[],"product_cat":[51],"product_tag":[],"_links":{"self":[{"href":"https:\/\/gesicap.com\/ebook\/wp-json\/wp\/v2\/product\/2852"}],"collection":[{"href":"https:\/\/gesicap.com\/ebook\/wp-json\/wp\/v2\/product"}],"about":[{"href":"https:\/\/gesicap.com\/ebook\/wp-json\/wp\/v2\/types\/product"}],"replies":[{"embeddable":true,"href":"https:\/\/gesicap.com\/ebook\/wp-json\/wp\/v2\/comments?post=2852"}],"version-history":[{"count":7,"href":"https:\/\/gesicap.com\/ebook\/wp-json\/wp\/v2\/product\/2852\/revisions"}],"predecessor-version":[{"id":2863,"href":"https:\/\/gesicap.com\/ebook\/wp-json\/wp\/v2\/product\/2852\/revisions\/2863"}],"wp:featuredmedia":[{"embeddable":true,"href":"https:\/\/gesicap.com\/ebook\/wp-json\/wp\/v2\/media\/2855"}],"wp:attachment":[{"href":"https:\/\/gesicap.com\/ebook\/wp-json\/wp\/v2\/media?parent=2852"}],"wp:term":[{"taxonomy":"product_cat","embeddable":true,"href":"https:\/\/gesicap.com\/ebook\/wp-json\/wp\/v2\/product_cat?post=2852"},{"taxonomy":"product_tag","embeddable":true,"href":"https:\/\/gesicap.com\/ebook\/wp-json\/wp\/v2\/product_tag?post=2852"}],"curies":[{"name":"wp","href":"https:\/\/api.w.org\/{rel}","templated":true}]}}