{"id":2763,"date":"2023-01-13T00:41:44","date_gmt":"2023-01-13T00:41:44","guid":{"rendered":"https:\/\/gesicap.com\/ebook\/?post_type=product&#038;p=2763"},"modified":"2023-01-13T01:51:12","modified_gmt":"2023-01-13T01:51:12","slug":"diagnosticos-de-los-sistemas-de-produccion-y-comercializacion-de-cultivo-del-banano","status":"publish","type":"product","link":"https:\/\/gesicap.com\/ebook\/producto\/diagnosticos-de-los-sistemas-de-produccion-y-comercializacion-de-cultivo-del-banano\/","title":{"rendered":"Diagn\u00f3sticos de los Sistemas de Producci\u00f3n y comercializaci\u00f3n de Cultivo del Banano"},"content":{"rendered":"\t\t<div data-elementor-type=\"wp-post\" data-elementor-id=\"2763\" class=\"elementor elementor-2763\">\n\t\t\t\t\t\t<div class=\"elementor-inner\">\n\t\t\t\t<div class=\"elementor-section-wrap\">\n\t\t\t\t\t\t\t\t\t<section class=\"elementor-section elementor-top-section elementor-element elementor-element-e0b04dd elementor-section-boxed elementor-section-height-default elementor-section-height-default\" data-id=\"e0b04dd\" data-element_type=\"section\">\n\t\t\t\t\t\t<div class=\"elementor-container elementor-column-gap-default\">\n\t\t\t\t\t\t\t<div class=\"elementor-row\">\n\t\t\t\t\t<div class=\"elementor-column elementor-col-100 elementor-top-column elementor-element elementor-element-d318021\" data-id=\"d318021\" data-element_type=\"column\">\n\t\t\t<div class=\"elementor-column-wrap elementor-element-populated\">\n\t\t\t\t\t\t\t<div class=\"elementor-widget-wrap\">\n\t\t\t\t\t\t<div class=\"elementor-element elementor-element-c88f63f elementor-align-right elementor-widget elementor-widget-button\" data-id=\"c88f63f\" data-element_type=\"widget\" data-widget_type=\"button.default\">\n\t\t\t\t<div class=\"elementor-widget-container\">\n\t\t\t\t\t<div class=\"elementor-button-wrapper\">\n\t\t\t<a href=\"https:\/\/gesicap.com\/ebook\/wp-content\/uploads\/2023\/01\/libro-6-diagnostico-de-los-sistemas-de-produccion-y-comercializacion-1.pdf\" target=\"_blank\" class=\"elementor-button-link elementor-button elementor-size-sm\" role=\"button\">\n\t\t\t\t\t\t<span class=\"elementor-button-content-wrapper\">\n\t\t\t\t\t\t<span class=\"elementor-button-text\">DESCARGAR<\/span>\n\t\t<\/span>\n\t\t\t\t\t<\/a>\n\t\t<\/div>\n\t\t\t\t<\/div>\n\t\t\t\t<\/div>\n\t\t\t\t\t\t<\/div>\n\t\t\t\t\t<\/div>\n\t\t<\/div>\n\t\t\t\t\t\t\t\t<\/div>\n\t\t\t\t\t<\/div>\n\t\t<\/section>\n\t\t\t\t\t\t\t\t\t<\/div>\n\t\t\t<\/div>\n\t\t\t\t\t<\/div>\n\t\t","protected":false},"excerpt":{"rendered":"<p><img loading=\"lazy\" class=\"alignnone wp-image-2309 alignleft\" src=\"https:\/\/gesicap.com\/ebook\/wp-content\/uploads\/2021\/02\/WhatsApp-Image-2021-02-02-at-21.49.48-e1612392522348-189x300.jpeg\" alt=\"\" width=\"29\" height=\"46\" srcset=\"https:\/\/gesicap.com\/ebook\/wp-content\/uploads\/2021\/02\/WhatsApp-Image-2021-02-02-at-21.49.48-e1612392522348-189x300.jpeg 189w, https:\/\/gesicap.com\/ebook\/wp-content\/uploads\/2021\/02\/WhatsApp-Image-2021-02-02-at-21.49.48-e1612392522348.jpeg 217w\" sizes=\"(max-width: 29px) 100vw, 29px\" \/><\/p>\n<p style=\"text-align: left;\"><button style=\"width: 150px; background-color: orange; border-radius: 3px;\">Acceso abierto<\/button><\/p>\n<p><strong>Compiladores<\/strong>:<br \/>\nH\u00e9ctor Pac\u00edfico Sarmiento Ram\u00edrez\u00a0 <img loading=\"lazy\" class=\"alignnone wp-image-2266\" src=\"https:\/\/gesicap.com\/ebook\/wp-content\/uploads\/2020\/08\/orcid-300x300.png\" alt=\"\" width=\"27\" height=\"27\" srcset=\"https:\/\/gesicap.com\/ebook\/wp-content\/uploads\/2020\/08\/orcid-300x300.png 300w, https:\/\/gesicap.com\/ebook\/wp-content\/uploads\/2020\/08\/orcid-150x150.png 150w, https:\/\/gesicap.com\/ebook\/wp-content\/uploads\/2020\/08\/orcid-600x600.png 600w, https:\/\/gesicap.com\/ebook\/wp-content\/uploads\/2020\/08\/orcid-100x100.png 100w, https:\/\/gesicap.com\/ebook\/wp-content\/uploads\/2020\/08\/orcid.png 768w\" sizes=\"(max-width: 27px) 100vw, 27px\" \/><br \/>\nMar\u00eda Lorena Cadme Ar\u00e9valo <img loading=\"lazy\" class=\"alignnone wp-image-2266\" src=\"https:\/\/gesicap.com\/ebook\/wp-content\/uploads\/2020\/08\/orcid-300x300.png\" alt=\"\" width=\"27\" height=\"27\" srcset=\"https:\/\/gesicap.com\/ebook\/wp-content\/uploads\/2020\/08\/orcid-300x300.png 300w, https:\/\/gesicap.com\/ebook\/wp-content\/uploads\/2020\/08\/orcid-150x150.png 150w, https:\/\/gesicap.com\/ebook\/wp-content\/uploads\/2020\/08\/orcid-600x600.png 600w, https:\/\/gesicap.com\/ebook\/wp-content\/uploads\/2020\/08\/orcid-100x100.png 100w, https:\/\/gesicap.com\/ebook\/wp-content\/uploads\/2020\/08\/orcid.png 768w\" sizes=\"(max-width: 27px) 100vw, 27px\" \/><\/p>\n<p><strong>A\u00f1o<\/strong>: 2022<br \/>\n<strong>Idioma<\/strong>: Espa\u00f1ol<br \/>\n<strong>Editorial<\/strong>: Ediciones Gesicap<br \/>\n<strong>ISBN<\/strong>: 978-9942-626-00-4<br \/>\n<strong>Paginas<\/strong>: 86 p\u00e1g.<br \/>\n<strong>Ciudad<\/strong>: El Carmen, Manab\u00ed Ecuador.<\/p>\n","protected":false},"featured_media":2764,"comment_status":"open","ping_status":"closed","template":"","meta":[],"product_cat":[54],"product_tag":[],"_links":{"self":[{"href":"https:\/\/gesicap.com\/ebook\/wp-json\/wp\/v2\/product\/2763"}],"collection":[{"href":"https:\/\/gesicap.com\/ebook\/wp-json\/wp\/v2\/product"}],"about":[{"href":"https:\/\/gesicap.com\/ebook\/wp-json\/wp\/v2\/types\/product"}],"replies":[{"embeddable":true,"href":"https:\/\/gesicap.com\/ebook\/wp-json\/wp\/v2\/comments?post=2763"}],"version-history":[{"count":17,"href":"https:\/\/gesicap.com\/ebook\/wp-json\/wp\/v2\/product\/2763\/revisions"}],"predecessor-version":[{"id":2813,"href":"https:\/\/gesicap.com\/ebook\/wp-json\/wp\/v2\/product\/2763\/revisions\/2813"}],"wp:featuredmedia":[{"embeddable":true,"href":"https:\/\/gesicap.com\/ebook\/wp-json\/wp\/v2\/media\/2764"}],"wp:attachment":[{"href":"https:\/\/gesicap.com\/ebook\/wp-json\/wp\/v2\/media?parent=2763"}],"wp:term":[{"taxonomy":"product_cat","embeddable":true,"href":"https:\/\/gesicap.com\/ebook\/wp-json\/wp\/v2\/product_cat?post=2763"},{"taxonomy":"product_tag","embeddable":true,"href":"https:\/\/gesicap.com\/ebook\/wp-json\/wp\/v2\/product_tag?post=2763"}],"curies":[{"name":"wp","href":"https:\/\/api.w.org\/{rel}","templated":true}]}}