{"id":2349,"date":"2021-02-22T20:16:16","date_gmt":"2021-02-22T20:16:16","guid":{"rendered":"https:\/\/gesicap.com\/ebook\/?post_type=product&#038;p=2349"},"modified":"2024-06-24T01:42:58","modified_gmt":"2024-06-24T01:42:58","slug":"como-comunicar-la-verdad-en-la-esclerosis-multiple","status":"publish","type":"product","link":"https:\/\/gesicap.com\/ebook\/producto\/como-comunicar-la-verdad-en-la-esclerosis-multiple\/","title":{"rendered":"C\u00d3MO COMUNICAR LA VERDAD EN LA ESCLEROSIS M\u00daLTIPLE"},"content":{"rendered":"\t\t<div data-elementor-type=\"wp-post\" data-elementor-id=\"2349\" class=\"elementor elementor-2349\">\n\t\t\t\t\t\t<div class=\"elementor-inner\">\n\t\t\t\t<div class=\"elementor-section-wrap\">\n\t\t\t\t\t\t\t\t\t<section class=\"elementor-section elementor-top-section elementor-element elementor-element-2994696f elementor-section-boxed elementor-section-height-default elementor-section-height-default\" data-id=\"2994696f\" data-element_type=\"section\">\n\t\t\t\t\t\t<div class=\"elementor-container elementor-column-gap-default\">\n\t\t\t\t\t\t\t<div class=\"elementor-row\">\n\t\t\t\t\t<div class=\"elementor-column elementor-col-100 elementor-top-column elementor-element elementor-element-1d5c49f6\" data-id=\"1d5c49f6\" data-element_type=\"column\">\n\t\t\t<div class=\"elementor-column-wrap elementor-element-populated\">\n\t\t\t\t\t\t\t<div class=\"elementor-widget-wrap\">\n\t\t\t\t\t\t<div class=\"elementor-element elementor-element-4c2e9f6 elementor-widget elementor-widget-text-editor\" data-id=\"4c2e9f6\" data-element_type=\"widget\" data-widget_type=\"text-editor.default\">\n\t\t\t\t<div class=\"elementor-widget-container\">\n\t\t\t\t\t\t\t\t<div class=\"elementor-text-editor elementor-clearfix\">\n\t\t\t\tEl descubrimiento de enfermedades cr\u00f3nicas o incurables, como es el caso de la esclerosis m\u00faltiple (EM), puede ser particularmente dif\u00edcil y requiere de la capacidad del paciente para comprender la complejidad de s\u00edntomas y tratamientos asociados a la enfermedad. Esta obra ofrece factores claves que se necesitan conocer y utilizar para la comunicaci\u00f3n efectiva de las malas noticias desde una dimensi\u00f3n bio\u00e9tica. En la medida que se avanza en la lectura, se presentan contribuciones cient\u00edficas que ayudan a dilucidar tem\u00e1ticas sobre \u00abel deseo del paciente de ser informado\u00bb, \u00abel impacto emocional del diagn\u00f3stico\u00bb, \u00abc\u00f3mo revelar el diagn\u00f3stico y pron\u00f3stico de la enfermedad\u00bb; as\u00ed como \u00abqu\u00e9 decisi\u00f3n debe tomar el especialista\u00bb. Finalmente, se propone una gu\u00eda de pautas generales para la comunicaci\u00f3n de las malas noticias en la EM como una herramienta pr\u00e1ctica y sencilla de aplicar por los profesionales de la salud, con el fin de ayudar al paciente a encontrarle un sentido a su experiencia, mejorar la adherencia terap\u00e9utica y potenciar el bienestar.\t\t\t\t\t<\/div>\n\t\t\t\t\t\t<\/div>\n\t\t\t\t<\/div>\n\t\t\t\t\t\t<\/div>\n\t\t\t\t\t<\/div>\n\t\t<\/div>\n\t\t\t\t\t\t\t\t<\/div>\n\t\t\t\t\t<\/div>\n\t\t<\/section>\n\t\t\t\t<section class=\"elementor-section elementor-top-section elementor-element elementor-element-dae17ed elementor-section-boxed elementor-section-height-default elementor-section-height-default\" data-id=\"dae17ed\" data-element_type=\"section\">\n\t\t\t\t\t\t<div class=\"elementor-container elementor-column-gap-default\">\n\t\t\t\t\t\t\t<div class=\"elementor-row\">\n\t\t\t\t\t<div class=\"elementor-column elementor-col-100 elementor-top-column elementor-element elementor-element-25bda62\" data-id=\"25bda62\" data-element_type=\"column\">\n\t\t\t<div class=\"elementor-column-wrap elementor-element-populated\">\n\t\t\t\t\t\t\t<div class=\"elementor-widget-wrap\">\n\t\t\t\t\t\t<div class=\"elementor-element elementor-element-841e0af elementor-widget elementor-widget-button\" data-id=\"841e0af\" data-element_type=\"widget\" data-widget_type=\"button.default\">\n\t\t\t\t<div class=\"elementor-widget-container\">\n\t\t\t\t\t<div class=\"elementor-button-wrapper\">\n\t\t\t<a href=\"https:\/\/gesicap.com\/ebook\/wp-content\/uploads\/2021\/08\/VISTA-PREVIA.pdf\" target=\"_blank\" class=\"elementor-button-link elementor-button elementor-size-sm\" role=\"button\">\n\t\t\t\t\t\t<span class=\"elementor-button-content-wrapper\">\n\t\t\t\t\t\t\t<span class=\"elementor-button-icon elementor-align-icon-left\">\n\t\t\t\t<i aria-hidden=\"true\" class=\"fas fa-book-open\"><\/i>\t\t\t<\/span>\n\t\t\t\t\t\t<span class=\"elementor-button-text\">Vista Previa<\/span>\n\t\t<\/span>\n\t\t\t\t\t<\/a>\n\t\t<\/div>\n\t\t\t\t<\/div>\n\t\t\t\t<\/div>\n\t\t\t\t\t\t<\/div>\n\t\t\t\t\t<\/div>\n\t\t<\/div>\n\t\t\t\t\t\t\t\t<\/div>\n\t\t\t\t\t<\/div>\n\t\t<\/section>\n\t\t\t\t\t\t\t\t\t<\/div>\n\t\t\t<\/div>\n\t\t\t\t\t<\/div>\n\t\t","protected":false},"excerpt":{"rendered":"<p><strong>Autor<\/strong>:<br \/>\nRodneys Mauricio Jim\u00e9nez Morales<br \/>\nYanet Mac\u00edas Delgado<br \/>\n<strong>A\u00f1o<\/strong>: 2020<br \/>\n<strong>Idioma<\/strong>: Espa\u00f1ol<br \/>\n<strong>Editorial<\/strong>: Editorial Raymond<br \/>\n<strong>ISBN<\/strong>: 978-987-45230-8-2<br \/>\n<strong>Paginas<\/strong>: 105 p\u00e1g<br \/>\n<strong>Ciudad<\/strong>: Posadas, Misiones, Argentina<\/p>\n","protected":false},"featured_media":2403,"comment_status":"open","ping_status":"closed","template":"","meta":[],"product_cat":[52],"product_tag":[],"_links":{"self":[{"href":"https:\/\/gesicap.com\/ebook\/wp-json\/wp\/v2\/product\/2349"}],"collection":[{"href":"https:\/\/gesicap.com\/ebook\/wp-json\/wp\/v2\/product"}],"about":[{"href":"https:\/\/gesicap.com\/ebook\/wp-json\/wp\/v2\/types\/product"}],"replies":[{"embeddable":true,"href":"https:\/\/gesicap.com\/ebook\/wp-json\/wp\/v2\/comments?post=2349"}],"version-history":[{"count":5,"href":"https:\/\/gesicap.com\/ebook\/wp-json\/wp\/v2\/product\/2349\/revisions"}],"predecessor-version":[{"id":2627,"href":"https:\/\/gesicap.com\/ebook\/wp-json\/wp\/v2\/product\/2349\/revisions\/2627"}],"wp:featuredmedia":[{"embeddable":true,"href":"https:\/\/gesicap.com\/ebook\/wp-json\/wp\/v2\/media\/2403"}],"wp:attachment":[{"href":"https:\/\/gesicap.com\/ebook\/wp-json\/wp\/v2\/media?parent=2349"}],"wp:term":[{"taxonomy":"product_cat","embeddable":true,"href":"https:\/\/gesicap.com\/ebook\/wp-json\/wp\/v2\/product_cat?post=2349"},{"taxonomy":"product_tag","embeddable":true,"href":"https:\/\/gesicap.com\/ebook\/wp-json\/wp\/v2\/product_tag?post=2349"}],"curies":[{"name":"wp","href":"https:\/\/api.w.org\/{rel}","templated":true}]}}