{"id":2233,"date":"2021-01-07T02:31:48","date_gmt":"2021-01-07T02:31:48","guid":{"rendered":"https:\/\/gesicap.com\/ebook\/?post_type=product&#038;p=2233"},"modified":"2024-06-24T01:44:44","modified_gmt":"2024-06-24T01:44:44","slug":"de-la-didactica-de-la-ciencias-a-la-ensenanza-de-la-fisica-una-necesidad-impostergable","status":"publish","type":"product","link":"https:\/\/gesicap.com\/ebook\/producto\/de-la-didactica-de-la-ciencias-a-la-ensenanza-de-la-fisica-una-necesidad-impostergable\/","title":{"rendered":"De la Did\u00e1ctica de la Ciencias a la Ense\u00f1anza de la F\u00edsica una Necesidad Impostergable"},"content":{"rendered":"\t\t<div data-elementor-type=\"wp-post\" data-elementor-id=\"2233\" class=\"elementor elementor-2233\">\n\t\t\t\t\t\t<div class=\"elementor-inner\">\n\t\t\t\t<div class=\"elementor-section-wrap\">\n\t\t\t\t\t\t\t\t\t<section class=\"elementor-section elementor-top-section elementor-element elementor-element-7d01b18 elementor-section-boxed elementor-section-height-default elementor-section-height-default\" data-id=\"7d01b18\" data-element_type=\"section\">\n\t\t\t\t\t\t<div class=\"elementor-container elementor-column-gap-default\">\n\t\t\t\t\t\t\t<div class=\"elementor-row\">\n\t\t\t\t\t<div class=\"elementor-column elementor-col-100 elementor-top-column elementor-element elementor-element-e74bc0c\" data-id=\"e74bc0c\" data-element_type=\"column\">\n\t\t\t<div class=\"elementor-column-wrap elementor-element-populated\">\n\t\t\t\t\t\t\t<div class=\"elementor-widget-wrap\">\n\t\t\t\t\t\t<div class=\"elementor-element elementor-element-73e497d elementor-widget elementor-widget-button\" data-id=\"73e497d\" data-element_type=\"widget\" data-widget_type=\"button.default\">\n\t\t\t\t<div class=\"elementor-widget-container\">\n\t\t\t\t\t<div class=\"elementor-button-wrapper\">\n\t\t\t<a href=\"https:\/\/gesicap.com\/ebook\/wp-content\/uploads\/2021\/04\/DIDACTICA-DE-LAS-CIENCIAS.pdf\" target=\"_blank\" class=\"elementor-button-link elementor-button elementor-size-sm\" role=\"button\">\n\t\t\t\t\t\t<span class=\"elementor-button-content-wrapper\">\n\t\t\t\t\t\t\t<span class=\"elementor-button-icon elementor-align-icon-left\">\n\t\t\t\t<i aria-hidden=\"true\" class=\"fas fa-book-open\"><\/i>\t\t\t<\/span>\n\t\t\t\t\t\t<span class=\"elementor-button-text\">Vista previa<\/span>\n\t\t<\/span>\n\t\t\t\t\t<\/a>\n\t\t<\/div>\n\t\t\t\t<\/div>\n\t\t\t\t<\/div>\n\t\t\t\t\t\t<\/div>\n\t\t\t\t\t<\/div>\n\t\t<\/div>\n\t\t\t\t\t\t\t\t<\/div>\n\t\t\t\t\t<\/div>\n\t\t<\/section>\n\t\t\t\t\t\t\t\t\t<\/div>\n\t\t\t<\/div>\n\t\t\t\t\t<\/div>\n\t\t","protected":false},"excerpt":{"rendered":"<p><strong>Autor<\/strong>: Dr. Sergio Octavio Valle Mijangos: 0000-0003-1677-5292 <a href=\"https:\/\/orcid.org\/0000-0003-1677-5292\" target=\"_blank\" rel=\"noopener noreferrer\"><img loading=\"lazy\" class=\"alignnone wp-image-2266\" src=\"https:\/\/gesicap.com\/ebook\/wp-content\/uploads\/2020\/08\/orcid-300x300.png\" alt=\"\" width=\"27\" height=\"27\" srcset=\"https:\/\/gesicap.com\/ebook\/wp-content\/uploads\/2020\/08\/orcid-300x300.png 300w, https:\/\/gesicap.com\/ebook\/wp-content\/uploads\/2020\/08\/orcid-150x150.png 150w, https:\/\/gesicap.com\/ebook\/wp-content\/uploads\/2020\/08\/orcid-600x600.png 600w, https:\/\/gesicap.com\/ebook\/wp-content\/uploads\/2020\/08\/orcid-100x100.png 100w, https:\/\/gesicap.com\/ebook\/wp-content\/uploads\/2020\/08\/orcid.png 768w\" sizes=\"(max-width: 27px) 100vw, 27px\" \/><\/a><br \/>\nDr. Jorge Luis Contreras Vidal: 0000-0003-1060-8290 <a href=\"https:\/\/orcid.org\/0000-0003-1060-8290\" target=\"_blank\" rel=\"noopener noreferrer\"><img loading=\"lazy\" class=\"alignnone wp-image-2266\" src=\"https:\/\/gesicap.com\/ebook\/wp-content\/uploads\/2020\/08\/orcid-300x300.png\" alt=\"\" width=\"27\" height=\"27\" srcset=\"https:\/\/gesicap.com\/ebook\/wp-content\/uploads\/2020\/08\/orcid-300x300.png 300w, https:\/\/gesicap.com\/ebook\/wp-content\/uploads\/2020\/08\/orcid-150x150.png 150w, https:\/\/gesicap.com\/ebook\/wp-content\/uploads\/2020\/08\/orcid-600x600.png 600w, https:\/\/gesicap.com\/ebook\/wp-content\/uploads\/2020\/08\/orcid-100x100.png 100w, https:\/\/gesicap.com\/ebook\/wp-content\/uploads\/2020\/08\/orcid.png 768w\" sizes=\"(max-width: 27px) 100vw, 27px\" \/><\/a><br \/>\nDr. H\u00e9ctor Ram\u00f3n Rivero P\u00e9rez: 0000-0002-2093-472X <a href=\"https:\/\/orcid.org\/0000-0002-2093-472X\" target=\"_blank\" rel=\"noopener noreferrer\"><img loading=\"lazy\" class=\"alignnone wp-image-2266\" src=\"https:\/\/gesicap.com\/ebook\/wp-content\/uploads\/2020\/08\/orcid-300x300.png\" alt=\"\" width=\"27\" height=\"27\" srcset=\"https:\/\/gesicap.com\/ebook\/wp-content\/uploads\/2020\/08\/orcid-300x300.png 300w, https:\/\/gesicap.com\/ebook\/wp-content\/uploads\/2020\/08\/orcid-150x150.png 150w, https:\/\/gesicap.com\/ebook\/wp-content\/uploads\/2020\/08\/orcid-600x600.png 600w, https:\/\/gesicap.com\/ebook\/wp-content\/uploads\/2020\/08\/orcid-100x100.png 100w, https:\/\/gesicap.com\/ebook\/wp-content\/uploads\/2020\/08\/orcid.png 768w\" sizes=\"(max-width: 27px) 100vw, 27px\" \/><\/a><br \/>\nDra. Rosalina Torres Rivera: 0000-0002-4887-6752 <a href=\"https:\/\/orcid.org\/0000-0002-4887-6752\" target=\"_blank\" rel=\"noopener noreferrer\"><img loading=\"lazy\" class=\"alignnone wp-image-2266\" src=\"https:\/\/gesicap.com\/ebook\/wp-content\/uploads\/2020\/08\/orcid-300x300.png\" alt=\"\" width=\"27\" height=\"27\" srcset=\"https:\/\/gesicap.com\/ebook\/wp-content\/uploads\/2020\/08\/orcid-300x300.png 300w, https:\/\/gesicap.com\/ebook\/wp-content\/uploads\/2020\/08\/orcid-150x150.png 150w, https:\/\/gesicap.com\/ebook\/wp-content\/uploads\/2020\/08\/orcid-600x600.png 600w, https:\/\/gesicap.com\/ebook\/wp-content\/uploads\/2020\/08\/orcid-100x100.png 100w, https:\/\/gesicap.com\/ebook\/wp-content\/uploads\/2020\/08\/orcid.png 768w\" sizes=\"(max-width: 27px) 100vw, 27px\" \/><\/a><br \/>\nMSc. Xenia Pedraza Gonz\u00e1lez: 0000-0001-8036-5736 <a href=\"https:\/\/orcid.org\/0000-0001-8036-5736\" target=\"_blank\" rel=\"noopener noreferrer\"><img loading=\"lazy\" class=\"alignnone wp-image-2266\" src=\"https:\/\/gesicap.com\/ebook\/wp-content\/uploads\/2020\/08\/orcid-300x300.png\" alt=\"\" width=\"27\" height=\"27\" srcset=\"https:\/\/gesicap.com\/ebook\/wp-content\/uploads\/2020\/08\/orcid-300x300.png 300w, https:\/\/gesicap.com\/ebook\/wp-content\/uploads\/2020\/08\/orcid-150x150.png 150w, https:\/\/gesicap.com\/ebook\/wp-content\/uploads\/2020\/08\/orcid-600x600.png 600w, https:\/\/gesicap.com\/ebook\/wp-content\/uploads\/2020\/08\/orcid-100x100.png 100w, https:\/\/gesicap.com\/ebook\/wp-content\/uploads\/2020\/08\/orcid.png 768w\" sizes=\"(max-width: 27px) 100vw, 27px\" \/><\/a><br \/>\nMSc. Miguel Ceferino Berm\u00fadez Lucas: 0000-0001-7882-3937 <a href=\"https:\/\/orcid.org\/0000-0001-7882-3937\" target=\"_blank\" rel=\"noopener noreferrer\"><img loading=\"lazy\" class=\"alignnone wp-image-2266\" src=\"https:\/\/gesicap.com\/ebook\/wp-content\/uploads\/2020\/08\/orcid-300x300.png\" alt=\"\" width=\"27\" height=\"27\" srcset=\"https:\/\/gesicap.com\/ebook\/wp-content\/uploads\/2020\/08\/orcid-300x300.png 300w, https:\/\/gesicap.com\/ebook\/wp-content\/uploads\/2020\/08\/orcid-150x150.png 150w, https:\/\/gesicap.com\/ebook\/wp-content\/uploads\/2020\/08\/orcid-600x600.png 600w, https:\/\/gesicap.com\/ebook\/wp-content\/uploads\/2020\/08\/orcid-100x100.png 100w, https:\/\/gesicap.com\/ebook\/wp-content\/uploads\/2020\/08\/orcid.png 768w\" sizes=\"(max-width: 27px) 100vw, 27px\" \/><\/a><br \/>\n<strong>A\u00f1o<\/strong>: 2020<br \/>\n<strong>Idioma<\/strong>: Espa\u00f1ol<br \/>\n<strong>Editorial<\/strong>: Ediciones Gesicap<br \/>\n<strong>ISBN<\/strong>: 978-9942-8854-2-5<br \/>\n<strong>Paginas<\/strong>: 104 p\u00e1g<br \/>\n<strong>Ciudad<\/strong>: Campeche, M\u00e9xico.<\/p>\n","protected":false},"featured_media":2241,"comment_status":"open","ping_status":"closed","template":"","meta":[],"product_cat":[50],"product_tag":[],"_links":{"self":[{"href":"https:\/\/gesicap.com\/ebook\/wp-json\/wp\/v2\/product\/2233"}],"collection":[{"href":"https:\/\/gesicap.com\/ebook\/wp-json\/wp\/v2\/product"}],"about":[{"href":"https:\/\/gesicap.com\/ebook\/wp-json\/wp\/v2\/types\/product"}],"replies":[{"embeddable":true,"href":"https:\/\/gesicap.com\/ebook\/wp-json\/wp\/v2\/comments?post=2233"}],"version-history":[{"count":11,"href":"https:\/\/gesicap.com\/ebook\/wp-json\/wp\/v2\/product\/2233\/revisions"}],"predecessor-version":[{"id":2628,"href":"https:\/\/gesicap.com\/ebook\/wp-json\/wp\/v2\/product\/2233\/revisions\/2628"}],"wp:featuredmedia":[{"embeddable":true,"href":"https:\/\/gesicap.com\/ebook\/wp-json\/wp\/v2\/media\/2241"}],"wp:attachment":[{"href":"https:\/\/gesicap.com\/ebook\/wp-json\/wp\/v2\/media?parent=2233"}],"wp:term":[{"taxonomy":"product_cat","embeddable":true,"href":"https:\/\/gesicap.com\/ebook\/wp-json\/wp\/v2\/product_cat?post=2233"},{"taxonomy":"product_tag","embeddable":true,"href":"https:\/\/gesicap.com\/ebook\/wp-json\/wp\/v2\/product_tag?post=2233"}],"curies":[{"name":"wp","href":"https:\/\/api.w.org\/{rel}","templated":true}]}}