{"id":2178,"date":"2020-08-23T02:41:30","date_gmt":"2020-08-23T02:41:30","guid":{"rendered":"https:\/\/gesicap.com\/ebook\/?post_type=product&#038;p=2178"},"modified":"2024-06-24T01:45:22","modified_gmt":"2024-06-24T01:45:22","slug":"manual-de-practicas-agropecuarias","status":"publish","type":"product","link":"https:\/\/gesicap.com\/ebook\/producto\/manual-de-practicas-agropecuarias\/","title":{"rendered":"MANUAL DE PR\u00c1CTICAS AGROECOL\u00d3GICAS"},"content":{"rendered":"\t\t<div data-elementor-type=\"wp-post\" data-elementor-id=\"2178\" class=\"elementor elementor-2178\">\n\t\t\t\t\t\t<div class=\"elementor-inner\">\n\t\t\t\t<div class=\"elementor-section-wrap\">\n\t\t\t\t\t\t\t\t\t<section class=\"elementor-section elementor-top-section elementor-element elementor-element-4bc57a1a elementor-section-boxed elementor-section-height-default elementor-section-height-default\" data-id=\"4bc57a1a\" data-element_type=\"section\">\n\t\t\t\t\t\t<div class=\"elementor-container elementor-column-gap-default\">\n\t\t\t\t\t\t\t<div class=\"elementor-row\">\n\t\t\t\t\t<div class=\"elementor-column elementor-col-100 elementor-top-column elementor-element elementor-element-7ec23486\" data-id=\"7ec23486\" data-element_type=\"column\">\n\t\t\t<div class=\"elementor-column-wrap elementor-element-populated\">\n\t\t\t\t\t\t\t<div class=\"elementor-widget-wrap\">\n\t\t\t\t\t\t<div class=\"elementor-element elementor-element-90f3f23 elementor-widget elementor-widget-button\" data-id=\"90f3f23\" data-element_type=\"widget\" data-widget_type=\"button.default\">\n\t\t\t\t<div class=\"elementor-widget-container\">\n\t\t\t\t\t<div class=\"elementor-button-wrapper\">\n\t\t\t<a href=\"https:\/\/gesicap.com\/ebook\/wp-content\/uploads\/2021\/01\/Vista-previa-MANUAL-DE-PRACTICAS-AGROECOL\u00d3GICAS-ISBN-1-9.pdf\" class=\"elementor-button-link elementor-button elementor-size-sm\" role=\"button\">\n\t\t\t\t\t\t<span class=\"elementor-button-content-wrapper\">\n\t\t\t\t\t\t<span class=\"elementor-button-text\">Vista previa<\/span>\n\t\t<\/span>\n\t\t\t\t\t<\/a>\n\t\t<\/div>\n\t\t\t\t<\/div>\n\t\t\t\t<\/div>\n\t\t\t\t<div class=\"elementor-element elementor-element-2bd8790f elementor-widget elementor-widget-text-editor\" data-id=\"2bd8790f\" data-element_type=\"widget\" data-widget_type=\"text-editor.default\">\n\t\t\t\t<div class=\"elementor-widget-container\">\n\t\t\t\t\t\t\t\t<div class=\"elementor-text-editor elementor-clearfix\">\n\t\t\t\tEl presente manual es una compilaci\u00f3n resumida de estas alternativas para una f\u00e1cil comprensi\u00f3n y aplicaci\u00f3n. Tambi\u00e9n aborda las innovaciones que han surgido en el nuevo escenario de agricultura moderna. No pretende profundizar en aspectos te\u00f3ricos que no sean estrictamente necesarios. Est\u00e1 escrito en un lenguaje sencillo y claro, libre de tecnicismos que dificulten la interpretaci\u00f3n y en la medida de lo posible acompa\u00f1ado de im\u00e1genes que ilustran los procesos.\nCada una de las alternativas agroecol\u00f3gicas que se desarrollan en este manual han sido el resultado de m\u00e1s de 15 a\u00f1os de experiencia, comprobadas por los autores de este documento en sistemas productivos, as\u00ed como por otros colegas del ramo y campesinos que han hecho innovaciones para hacer realidad la obtenci\u00f3n de altos rendimientos en diferentes cultivos.\t\t\t\t\t<\/div>\n\t\t\t\t\t\t<\/div>\n\t\t\t\t<\/div>\n\t\t\t\t\t\t<\/div>\n\t\t\t\t\t<\/div>\n\t\t<\/div>\n\t\t\t\t\t\t\t\t<\/div>\n\t\t\t\t\t<\/div>\n\t\t<\/section>\n\t\t\t\t\t\t\t\t\t<\/div>\n\t\t\t<\/div>\n\t\t\t\t\t<\/div>\n\t\t","protected":false},"excerpt":{"rendered":"<p><strong>Autores<\/strong>:<br \/>\nDr.C Leudiyanes Ramos Hernandez\u00a0 <a href=\"https:\/\/orcid.org\/0000-0003-2972-0880\" target=\"_blank\" rel=\"noopener noreferrer\"><img loading=\"lazy\" class=\"alignnone wp-image-2266\" src=\"https:\/\/gesicap.com\/ebook\/wp-content\/uploads\/2020\/08\/orcid-300x300.png\" alt=\"\" width=\"30\" height=\"30\" srcset=\"https:\/\/gesicap.com\/ebook\/wp-content\/uploads\/2020\/08\/orcid-300x300.png 300w, https:\/\/gesicap.com\/ebook\/wp-content\/uploads\/2020\/08\/orcid-150x150.png 150w, https:\/\/gesicap.com\/ebook\/wp-content\/uploads\/2020\/08\/orcid-600x600.png 600w, https:\/\/gesicap.com\/ebook\/wp-content\/uploads\/2020\/08\/orcid-100x100.png 100w, https:\/\/gesicap.com\/ebook\/wp-content\/uploads\/2020\/08\/orcid.png 768w\" sizes=\"(max-width: 30px) 100vw, 30px\" \/><\/a><br \/>\nMs.C Yonger Tamayo Aguilar\u00a0 <a href=\"https:\/\/orcid.org\/0000-0002-5814-1231\" target=\"_blank\" rel=\"noopener noreferrer\"><img loading=\"lazy\" class=\"alignnone wp-image-2266\" src=\"https:\/\/gesicap.com\/ebook\/wp-content\/uploads\/2020\/08\/orcid-300x300.png\" alt=\"\" width=\"30\" height=\"30\" srcset=\"https:\/\/gesicap.com\/ebook\/wp-content\/uploads\/2020\/08\/orcid-300x300.png 300w, https:\/\/gesicap.com\/ebook\/wp-content\/uploads\/2020\/08\/orcid-150x150.png 150w, https:\/\/gesicap.com\/ebook\/wp-content\/uploads\/2020\/08\/orcid-600x600.png 600w, https:\/\/gesicap.com\/ebook\/wp-content\/uploads\/2020\/08\/orcid-100x100.png 100w, https:\/\/gesicap.com\/ebook\/wp-content\/uploads\/2020\/08\/orcid.png 768w\" sizes=\"(max-width: 30px) 100vw, 30px\" \/><\/a><br \/>\n<strong>A\u00f1o<\/strong>: 2020<br \/>\n<strong>Idioma<\/strong>: Espa\u00f1ol<br \/>\n<strong>Editorial<\/strong>: Ediciones Gesicap<br \/>\n<strong>ISBN<\/strong>: <span style=\"font-family: Calibri, serif;\"><span style=\"font-size: small;\"><span style=\"font-family: Bookman Old Style, serif;\">978-9942-8854-1-8<br \/>\n<\/span><\/span><\/span><strong>Paginas<\/strong>: 130 p\u00e1g<br \/>\n<strong>Ciudad<\/strong>: Oaxaca, M\u00e9xico<\/p>\n","protected":false},"featured_media":2179,"comment_status":"open","ping_status":"closed","template":"","meta":[],"product_cat":[51],"product_tag":[],"_links":{"self":[{"href":"https:\/\/gesicap.com\/ebook\/wp-json\/wp\/v2\/product\/2178"}],"collection":[{"href":"https:\/\/gesicap.com\/ebook\/wp-json\/wp\/v2\/product"}],"about":[{"href":"https:\/\/gesicap.com\/ebook\/wp-json\/wp\/v2\/types\/product"}],"replies":[{"embeddable":true,"href":"https:\/\/gesicap.com\/ebook\/wp-json\/wp\/v2\/comments?post=2178"}],"version-history":[{"count":13,"href":"https:\/\/gesicap.com\/ebook\/wp-json\/wp\/v2\/product\/2178\/revisions"}],"predecessor-version":[{"id":2359,"href":"https:\/\/gesicap.com\/ebook\/wp-json\/wp\/v2\/product\/2178\/revisions\/2359"}],"wp:featuredmedia":[{"embeddable":true,"href":"https:\/\/gesicap.com\/ebook\/wp-json\/wp\/v2\/media\/2179"}],"wp:attachment":[{"href":"https:\/\/gesicap.com\/ebook\/wp-json\/wp\/v2\/media?parent=2178"}],"wp:term":[{"taxonomy":"product_cat","embeddable":true,"href":"https:\/\/gesicap.com\/ebook\/wp-json\/wp\/v2\/product_cat?post=2178"},{"taxonomy":"product_tag","embeddable":true,"href":"https:\/\/gesicap.com\/ebook\/wp-json\/wp\/v2\/product_tag?post=2178"}],"curies":[{"name":"wp","href":"https:\/\/api.w.org\/{rel}","templated":true}]}}