{"id":2156,"date":"2020-08-23T00:22:42","date_gmt":"2020-08-23T00:22:42","guid":{"rendered":"https:\/\/gesicap.com\/ebook\/?post_type=product&#038;p=2156"},"modified":"2024-06-24T01:05:09","modified_gmt":"2024-06-24T01:05:09","slug":"abc-de-los-bioinsumos-agricolas","status":"publish","type":"product","link":"https:\/\/gesicap.com\/ebook\/producto\/abc-de-los-bioinsumos-agricolas\/","title":{"rendered":"ABC DE LOS BIOINSUMOS AGR\u00cdCOLAS"},"content":{"rendered":"\t\t<div data-elementor-type=\"wp-post\" data-elementor-id=\"2156\" class=\"elementor elementor-2156\">\n\t\t\t\t\t\t<div class=\"elementor-inner\">\n\t\t\t\t<div class=\"elementor-section-wrap\">\n\t\t\t\t\t\t\t\t\t<section class=\"elementor-section elementor-top-section elementor-element elementor-element-282745e elementor-section-boxed elementor-section-height-default elementor-section-height-default\" data-id=\"282745e\" data-element_type=\"section\">\n\t\t\t\t\t\t<div class=\"elementor-container elementor-column-gap-default\">\n\t\t\t\t\t\t\t<div class=\"elementor-row\">\n\t\t\t\t\t<div class=\"elementor-column elementor-col-100 elementor-top-column elementor-element elementor-element-38dbd396\" data-id=\"38dbd396\" data-element_type=\"column\">\n\t\t\t<div class=\"elementor-column-wrap elementor-element-populated\">\n\t\t\t\t\t\t\t<div class=\"elementor-widget-wrap\">\n\t\t\t\t\t\t<div class=\"elementor-element elementor-element-4ae28053 elementor-widget elementor-widget-text-editor\" data-id=\"4ae28053\" data-element_type=\"widget\" data-widget_type=\"text-editor.default\">\n\t\t\t\t<div class=\"elementor-widget-container\">\n\t\t\t\t\t\t\t\t<div class=\"elementor-text-editor elementor-clearfix\">\n\t\t\t\t<p>El<b> maravilloso mundo de los bioinsumos microbiol\u00f3gicos est\u00e1 acertadamente resumido en este compendio donde el autor en una forma amena y entendible por todos, explica el modo de acci\u00f3n de los microorganismos que forman parte de los bioinsumos agr\u00edcolas. Los pasos y elementos necesarios para llevar a cabo el desarrollo de un bioinsumo y su aplicaci\u00f3n. Son tratados los hongos y bacterias antagonistas, las bacterias entomopat\u00f3genas, los hongos entomopat\u00f3genos y los nematodos entomopat\u00f3genos. Se exponen ejemplos en su mayor\u00eda propios del autor lo que contribuye a una mayor comprensi\u00f3n y valoraci\u00f3n de los microorganismos utilizados como manejadores biol\u00f3gicos en los cultivos.<\/b><\/p>\t\t\t\t\t<\/div>\n\t\t\t\t\t\t<\/div>\n\t\t\t\t<\/div>\n\t\t\t\t<div class=\"elementor-element elementor-element-0f35bb3 elementor-widget elementor-widget-button\" data-id=\"0f35bb3\" data-element_type=\"widget\" data-widget_type=\"button.default\">\n\t\t\t\t<div class=\"elementor-widget-container\">\n\t\t\t\t\t<div class=\"elementor-button-wrapper\">\n\t\t\t<a href=\"https:\/\/gesicap.com\/ebook\/wp-content\/uploads\/2020\/08\/Vista-previa-Bioinsumos-Pozo-Vel\u00e1zquez-Edilberto.pdf\" target=\"_blank\" class=\"elementor-button-link elementor-button elementor-size-sm\" role=\"button\">\n\t\t\t\t\t\t<span class=\"elementor-button-content-wrapper\">\n\t\t\t\t\t\t\t<span class=\"elementor-button-icon elementor-align-icon-left\">\n\t\t\t\t<i aria-hidden=\"true\" class=\"fas fa-book-open\"><\/i>\t\t\t<\/span>\n\t\t\t\t\t\t<span class=\"elementor-button-text\">Vista previa<\/span>\n\t\t<\/span>\n\t\t\t\t\t<\/a>\n\t\t<\/div>\n\t\t\t\t<\/div>\n\t\t\t\t<\/div>\n\t\t\t\t\t\t<\/div>\n\t\t\t\t\t<\/div>\n\t\t<\/div>\n\t\t\t\t\t\t\t\t<\/div>\n\t\t\t\t\t<\/div>\n\t\t<\/section>\n\t\t\t\t\t\t\t\t\t<\/div>\n\t\t\t<\/div>\n\t\t\t\t\t<\/div>\n\t\t","protected":false},"excerpt":{"rendered":"<p><strong>Autor<\/strong>: Edilberto Pozo Vel\u00e1zquez\u00a0 \u00a0<a href=\"https:\/\/orcid.org\/0000-0001-8516-5784\" target=\"_blank\" rel=\"noopener noreferrer\"><img loading=\"lazy\" class=\"alignnone wp-image-2266\" src=\"https:\/\/gesicap.com\/ebook\/wp-content\/uploads\/2020\/08\/orcid-300x300.png\" alt=\"\" width=\"29\" height=\"92\" \/><\/a><br \/>\n<strong>A\u00f1o<\/strong>: 2020<br \/>\n<strong>Idioma<\/strong>: Espa\u00f1ol<br \/>\n<strong>Editorial<\/strong>: Ediciones Gesicap<br \/>\n<strong>ISBN<\/strong>: 978-9942-8854-0-1<br \/>\n<strong>Paginas<\/strong>: 130 p\u00e1g<br \/>\n<strong>Ciudad<\/strong>: El Carmen, Manab\u00ed, Ecuador<\/p>\n","protected":false},"featured_media":1902,"comment_status":"open","ping_status":"closed","template":"","meta":[],"product_cat":[51],"product_tag":[],"_links":{"self":[{"href":"https:\/\/gesicap.com\/ebook\/wp-json\/wp\/v2\/product\/2156"}],"collection":[{"href":"https:\/\/gesicap.com\/ebook\/wp-json\/wp\/v2\/product"}],"about":[{"href":"https:\/\/gesicap.com\/ebook\/wp-json\/wp\/v2\/types\/product"}],"replies":[{"embeddable":true,"href":"https:\/\/gesicap.com\/ebook\/wp-json\/wp\/v2\/comments?post=2156"}],"version-history":[{"count":12,"href":"https:\/\/gesicap.com\/ebook\/wp-json\/wp\/v2\/product\/2156\/revisions"}],"predecessor-version":[{"id":2267,"href":"https:\/\/gesicap.com\/ebook\/wp-json\/wp\/v2\/product\/2156\/revisions\/2267"}],"wp:featuredmedia":[{"embeddable":true,"href":"https:\/\/gesicap.com\/ebook\/wp-json\/wp\/v2\/media\/1902"}],"wp:attachment":[{"href":"https:\/\/gesicap.com\/ebook\/wp-json\/wp\/v2\/media?parent=2156"}],"wp:term":[{"taxonomy":"product_cat","embeddable":true,"href":"https:\/\/gesicap.com\/ebook\/wp-json\/wp\/v2\/product_cat?post=2156"},{"taxonomy":"product_tag","embeddable":true,"href":"https:\/\/gesicap.com\/ebook\/wp-json\/wp\/v2\/product_tag?post=2156"}],"curies":[{"name":"wp","href":"https:\/\/api.w.org\/{rel}","templated":true}]}}