{"id":2535,"date":"2021-08-20T23:38:20","date_gmt":"2021-08-20T23:38:20","guid":{"rendered":"https:\/\/gesicap.com\/ebook\/?page_id=2535"},"modified":"2021-08-20T23:53:41","modified_gmt":"2021-08-20T23:53:41","slug":"politica-editorial","status":"publish","type":"page","link":"https:\/\/gesicap.com\/ebook\/politica-editorial\/","title":{"rendered":"Pol\u00edtica Editorial"},"content":{"rendered":"<h2>PROCESO EDITORIAL<\/h2>\n<p><img src=\"https:\/\/gesicap.com\/wp-content\/uploads\/2021\/08\/PROCESOSSS_Mesa-de-trabajo-1-copia.png\" title=\"\" alt=\"\"><\/p>\n<p>Un vez recibida la propuesta por parte de los autores, el tiempo del proceso editorial puede durar entre 4 a 5 meses.<br \/>\n<strong>*<\/strong> Revisi\u00f3n y An\u00e1lisis por el Consejo Editorial (2 a 4 semanas)<br \/>\n* Revisi\u00f3n por \u00e1rbitros internacionales expertos en la tem\u00e1tica (30 a 45 d\u00edas)<br \/>\n<strong>*<\/strong> Correcciones por parte del autor (15 d\u00edas)<br \/>\n<strong>*<\/strong> Revisi\u00f3n Editorial (7 d\u00edas)<br \/>\n<strong>*<\/strong> Correcciones de estilo y gram\u00e1ticas (15 d\u00edas)<br \/>\n* Proceso de Maquetaci\u00f3n, dise\u00f1o e impresi\u00f3n prueba, ISBN (2 semanas)<br \/>\n<strong>*<\/strong> Impresi\u00f3n Prueba y correcci\u00f3n (1 semana)<br \/>\n<strong>*<\/strong> Impresi\u00f3n autor y devoluci\u00f3n (1 semana)<br \/>\n<strong>*<\/strong> Libro terminado (1 semana a 2 semanas)<\/p>\n<p>Cada autor debe contar con su n\u00famero de identificaci\u00f3n ORCID correspondiente, de no contar con el mismo la editorial exhorta al\/los autor\/es que se registren en el sitio web<a href=\"https:\/\/orcid.org\/\" target=\"_blank\" rel=\"noopener\"> https:\/\/orcid.org\/<\/a> desde donde pueden llenar el formulario que le permite obtener su n\u00famero de registro ORCID respectivo.<\/p>\n<h2>PROCESO DE ALBITRAJE:<\/h2>\n<p><strong>Las obras recibidas<\/strong> ser\u00e1n sometidas a evaluaci\u00f3n por el sistema doble ciego. El Comit\u00e9 Editorial enviar\u00e1 los trabajos a \u00e1rbitros independientes para su aceptaci\u00f3n o modificaci\u00f3n. Los manuscritos con evaluaci\u00f3n dividida ser\u00e1n enviados a un tercer revisor, cuyo fallo ser\u00e1 definitivo. Sugerencias editoriales y valor del contenido de la publicaci\u00f3n. El Comit\u00e9 Editorial podr\u00e1 solicitar trabajos a autores de reconocido prestigio, quienes no ser\u00e1n sometidos al proceso de evaluaci\u00f3n por \u00e1rbitros.<\/p>\n<h2>ENV\u00cdO DE MANUSCRITOS<\/h2>\n<p>Para someter su obra al proceso de revisi\u00f3n esta deber\u00e1 ser enviada al nuestro correo electr\u00f3nico ediciones@gesicap.com. El correo debe tener los siguientes documentos adjuntos.<br \/>\n<strong>*<\/strong> Carta de presentaci\u00f3n debidamente firmada por cada autor. <strong><a style=\"color: #3366ff; text-decoration: underline;\" href=\"https:\/\/gesicap.com\/wp-content\/uploads\/2021\/08\/Carta-de-presentacion..docx\" target=\"_blank\" rel=\"noopener\">DESCARGAR<\/a><\/strong><br \/>\n<strong>*<\/strong> Resumen de la obra.<br \/>\n<strong>*<\/strong> Propuesta de la obra a evaluar.<br \/>\n<strong>*<\/strong> Resumen del curr\u00edculum vitae de los autores.<\/p>\n<h2>POL\u00cdTICA ANTIPLAGIO<\/h2>\n<p>En todos los pasos que se efect\u00faan en el proceso de edici\u00f3n se verifica la originalidad de los contenidos presentados. Para ello los editores, \u00e1rbitros y dem\u00e1s personal que laboran en la edici\u00f3n revisan los documentos teniendo en cuenta el t\u00edtulo, autores, palabras clave, etc., en la red.<br \/>\nSi se detecta la escritura de hasta 5 p\u00e1rrafos literales iguales a los que aparecen en otra publicaci\u00f3n, se devuelve el trabajo al(los) autor(es) para que sean corregidos; si son detectados m\u00e1s p\u00e1rrafos, se devuelve el documento a los autores y desestima por falta de originalidad.<\/p>\n","protected":false},"excerpt":{"rendered":"<p>PROCESO EDITORIAL Un vez recibida la propuesta por parte de los autores, el tiempo del proceso editorial puede durar entre 4 a 5 meses. * Revisi\u00f3n y An\u00e1lisis por el Consejo Editorial (2 a 4 semanas) * Revisi\u00f3n por \u00e1rbitros internacionales expertos en la tem\u00e1tica (30 a 45 d\u00edas) * Correcciones por parte del autor &hellip;<\/p>\n<p class=\"read-more\"> <a class=\"\" href=\"https:\/\/gesicap.com\/ebook\/politica-editorial\/\"> <span class=\"screen-reader-text\">Pol\u00edtica Editorial<\/span> Leer m\u00e1s &raquo;<\/a><\/p>\n","protected":false},"author":1,"featured_media":0,"parent":0,"menu_order":0,"comment_status":"closed","ping_status":"closed","template":"","meta":[],"_links":{"self":[{"href":"https:\/\/gesicap.com\/ebook\/wp-json\/wp\/v2\/pages\/2535"}],"collection":[{"href":"https:\/\/gesicap.com\/ebook\/wp-json\/wp\/v2\/pages"}],"about":[{"href":"https:\/\/gesicap.com\/ebook\/wp-json\/wp\/v2\/types\/page"}],"author":[{"embeddable":true,"href":"https:\/\/gesicap.com\/ebook\/wp-json\/wp\/v2\/users\/1"}],"replies":[{"embeddable":true,"href":"https:\/\/gesicap.com\/ebook\/wp-json\/wp\/v2\/comments?post=2535"}],"version-history":[{"count":33,"href":"https:\/\/gesicap.com\/ebook\/wp-json\/wp\/v2\/pages\/2535\/revisions"}],"predecessor-version":[{"id":2569,"href":"https:\/\/gesicap.com\/ebook\/wp-json\/wp\/v2\/pages\/2535\/revisions\/2569"}],"wp:attachment":[{"href":"https:\/\/gesicap.com\/ebook\/wp-json\/wp\/v2\/media?parent=2535"}],"curies":[{"name":"wp","href":"https:\/\/api.w.org\/{rel}","templated":true}]}}