{"id":2429,"date":"2021-08-20T20:36:59","date_gmt":"2021-08-20T20:36:59","guid":{"rendered":"https:\/\/gesicap.com\/ebook\/?page_id=2429"},"modified":"2021-08-20T21:28:13","modified_gmt":"2021-08-20T21:28:13","slug":"cargar-archivos","status":"publish","type":"page","link":"https:\/\/gesicap.com\/ebook\/cargar-archivos\/","title":{"rendered":"Cargar Documentos"},"content":{"rendered":"\n<p><strong>Para someter su obra al proceso de revisi\u00f3n, debera enviar los siguientes documentos<\/strong><\/p>\n\n\n\n<p>* Carta de presentaci\u00f3n debidamente firmada por cada autor.&nbsp;<br>* Resumen de la obra.<br>* Propuesta de la obra a evaluar.<br>* Resumen del curr\u00edculum vitae de los autores.<\/p>\n\n\n\n<hr class=\"wp-block-separator\"\/>\n\n\n<div class=\"forminator-ui forminator-custom-form forminator-custom-form-2422 forminator-design--flat  forminator_ajax\" data-forminator-render=\"0\" data-form=\"forminator-module-2422\" data-uid=\"69e7c53d647ca\"><br\/><\/div><form\n\t\t\t\tid=\"forminator-module-2422\"\n\t\t\t\tclass=\"forminator-ui forminator-custom-form forminator-custom-form-2422 forminator-design--flat  forminator_ajax\"\n\t\t\t\tmethod=\"post\"\n\t\t\t\tdata-forminator-render=\"0\"\n\t\t\t\tdata-form-id=\"2422\"\n\t\t\t\t\n\t\t\t\tdata-design=\"flat\"\n\t\t\t\t\n\t\t\t\t\n\t\t\t\t\n\t\t\t\tdata-grid=\"open\"\n\t\t\t\tenctype=\"multipart\/form-data\"\n\t\t\t\t\n\t\t\t\tstyle=\"display: none;\"\n\t\t\t\t\n\t\t\t\tdata-uid=\"69e7c53d647ca\"\n\t\t\t><div class=\"forminator-response-message forminator-error\" aria-hidden=\"true\"><\/div><div class=\"forminator-row\"><div id=\"name-1\" class=\"forminator-col forminator-col-12 \"><div class=\"forminator-field\"><label for=\"forminator-field-name-1_69e7c53d647ca\" class=\"forminator-label\">Nombres y Apellidos <span class=\"forminator-required\">*<\/span><\/label><input type=\"text\" name=\"name-1\" value=\"\" placeholder=\"Ejemplo: Juan P\u00e9rez\" id=\"forminator-field-name-1_69e7c53d647ca\" class=\"forminator-input forminator-name--field\" aria-required=\"true\" \/><\/div><\/div><\/div><div class=\"forminator-row\"><div id=\"email-1\" class=\"forminator-col forminator-col-6 \"><div class=\"forminator-field\"><label for=\"forminator-field-email-1_69e7c53d647ca\" class=\"forminator-label\">Correo electr\u00f3nico <span class=\"forminator-required\">*<\/span><\/label><input type=\"email\" name=\"email-1\" value=\"\" placeholder=\"Ej . : john@doe.com\" id=\"forminator-field-email-1_69e7c53d647ca\" class=\"forminator-input forminator-email--field\" data-required=\"1\" aria-required=\"true\" \/><\/div><\/div><div id=\"phone-1\" class=\"forminator-col forminator-col-6 \"><div class=\"forminator-field\"><label for=\"forminator-field-phone-1_69e7c53d647ca\" class=\"forminator-label\">Tel\u00e9fono <span class=\"forminator-required\">*<\/span><\/label><input type=\"text\" name=\"phone-1\" value=\"\" placeholder=\"Ejemplo: +1 300 400 5000\" id=\"forminator-field-phone-1_69e7c53d647ca\" class=\"forminator-input forminator-field--phone\" data-required=\"1\" aria-required=\"true\" autocomplete=\"off\" \/><\/div><\/div><\/div><div class=\"forminator-row\"><div id=\"upload-1\" class=\"forminator-col forminator-col-12 \"><div class=\"forminator-field\"><label for=\"forminator-field-upload-1_69e7c53d647ca\" class=\"forminator-label\">Subir archivo <span class=\"forminator-required\">*<\/span><\/label><div class=\"forminator-file-upload \" data-element=\"upload-1_69e7c53d647ca\" aria-describedby=\"forminator-field-upload-1_69e7c53d647ca-description\"><input type=\"file\" name=\"upload-1\" id=\"forminator-field-upload-1_69e7c53d647ca\" class=\"forminator-input-file-required do-validate\" accept=\".jpg,.jpeg,.jpe,.gif,.png,.bmp,.tiff,.tif,.webp,.ico,.heic,.asf,.asx,.wmv,.wmx,.wm,.avi,.divx,.flv,.mov,.qt,.mpeg,.mpg,.mpe,.mp4,.m4v,.ogv,.webm,.mkv,.3gp,.3gpp,.3g2,.3gp2,.txt,.asc,.c,.cc,.h,.srt,.csv,.tsv,.ics,.rtx,.css,.htm,.html,.vtt,.dfxp,.mp3,.m4a,.m4b,.aac,.ra,.ram,.wav,.ogg,.oga,.flac,.mid,.midi,.wma,.wax,.mka,.rtf,.js,.pdf,.class,.tar,.zip,.gz,.gzip,.rar,.7z,.psd,.xcf,.doc,.pot,.pps,.ppt,.wri,.xla,.xls,.xlt,.xlw,.mdb,.mpp,.docx,.docm,.dotx,.dotm,.xlsx,.xlsm,.xlsb,.xltx,.xltm,.xlam,.pptx,.pptm,.ppsx,.ppsm,.potx,.potm,.ppam,.sldx,.sldm,.onetoc,.onetoc2,.onetmp,.onepkg,.oxps,.xps,.odt,.odp,.ods,.odg,.odc,.odb,.odf,.wp,.wpd,.key,.numbers,.pages,.epub,.mobi,.txt,.mp3,.svg,.svgz,.xml,.json,.gz\"><button id=\"forminator-field-upload-1_69e7c53d647ca_button\" class=\"forminator-button forminator-button-upload\" data-id=\"forminator-field-upload-1_69e7c53d647ca\">Elegir archivo<\/button><span data-empty-text=\"Ning\u00fan archivo seleccionado\">Ning\u00fan archivo seleccionado<\/span><button class=\"forminator-button-delete\" style=\"display: none;\"><i class=\"forminator-icon-close\" aria-hidden=\"true\"><\/i><span class=\"forminator-screen-reader-only\">Eliminar el archivo subido<\/span><\/button><\/div><\/div><\/div><\/div><input type=\"hidden\" name=\"referer_url\" value=\"\" \/><div class=\"forminator-row forminator-row-last\"><div class=\"forminator-col\"><div class=\"forminator-field\"><button class=\"forminator-button forminator-button-submit\">Enviar mensaje<\/button><\/div><\/div><\/div><input type=\"hidden\" id=\"forminator_nonce\" name=\"forminator_nonce\" value=\"3248865744\" \/><input type=\"hidden\" name=\"_wp_http_referer\" value=\"\/ebook\/wp-json\/wp\/v2\/pages\/2429\" \/><input type=\"hidden\" name=\"form_id\" value=\"2422\"><input type=\"hidden\" name=\"page_id\" value=\"2429\"><input type=\"hidden\" name=\"form_type\" value=\"default\"><input type=\"hidden\" name=\"current_url\" value=\"https:\/\/gesicap.com\/ebook\/cargar-archivos\/\"><input type=\"hidden\" name=\"render_id\" value=\"0\"><input type=\"hidden\" name=\"action\" value=\"forminator_submit_form_custom-forms\"><\/form>\n","protected":false},"excerpt":{"rendered":"<p>Para someter su obra al proceso de revisi\u00f3n, debera enviar los siguientes documentos * Carta de presentaci\u00f3n debidamente firmada por cada autor.&nbsp;* Resumen de la obra.* Propuesta de la obra a evaluar.* Resumen del curr\u00edculum vitae de los autores.<\/p>\n","protected":false},"author":1,"featured_media":0,"parent":0,"menu_order":0,"comment_status":"closed","ping_status":"closed","template":"","meta":[],"_links":{"self":[{"href":"https:\/\/gesicap.com\/ebook\/wp-json\/wp\/v2\/pages\/2429"}],"collection":[{"href":"https:\/\/gesicap.com\/ebook\/wp-json\/wp\/v2\/pages"}],"about":[{"href":"https:\/\/gesicap.com\/ebook\/wp-json\/wp\/v2\/types\/page"}],"author":[{"embeddable":true,"href":"https:\/\/gesicap.com\/ebook\/wp-json\/wp\/v2\/users\/1"}],"replies":[{"embeddable":true,"href":"https:\/\/gesicap.com\/ebook\/wp-json\/wp\/v2\/comments?post=2429"}],"version-history":[{"count":7,"href":"https:\/\/gesicap.com\/ebook\/wp-json\/wp\/v2\/pages\/2429\/revisions"}],"predecessor-version":[{"id":2439,"href":"https:\/\/gesicap.com\/ebook\/wp-json\/wp\/v2\/pages\/2429\/revisions\/2439"}],"wp:attachment":[{"href":"https:\/\/gesicap.com\/ebook\/wp-json\/wp\/v2\/media?parent=2429"}],"curies":[{"name":"wp","href":"https:\/\/api.w.org\/{rel}","templated":true}]}}